{"id":2,"date":"2022-07-11T17:30:55","date_gmt":"2022-07-11T15:30:55","guid":{"rendered":"http:\/\/unshotdecom.fr\/?page_id=2"},"modified":"2022-10-17T15:56:24","modified_gmt":"2022-10-17T13:56:24","slug":"acheter-un-shot-de-com-conseil-en-communication","status":"publish","type":"page","link":"https:\/\/unshotdecom.fr\/index.php\/acheter-un-shot-de-com-conseil-en-communication\/","title":{"rendered":"Conseil en communication"},"content":{"rendered":"\t\t<div data-elementor-type=\"wp-page\" data-elementor-id=\"2\" class=\"elementor elementor-2\" data-elementor-post-type=\"page\">\n\t\t\t\t\t\t<section class=\"elementor-section elementor-top-section elementor-element elementor-element-0c34e4b elementor-section-full_width elementor-section-height-default elementor-section-height-default\" data-id=\"0c34e4b\" data-element_type=\"section\">\n\t\t\t\t\t\t<div class=\"elementor-container elementor-column-gap-default\">\n\t\t\t\t\t<div class=\"elementor-column elementor-col-100 elementor-top-column elementor-element elementor-element-78e9adf\" data-id=\"78e9adf\" data-element_type=\"column\">\n\t\t\t<div class=\"elementor-widget-wrap elementor-element-populated\">\n\t\t\t\t\t\t<div class=\"elementor-element elementor-element-1aaa3ee elementor-widget__width-inherit elementor-widget elementor-widget-booknetic\" data-id=\"1aaa3ee\" data-element_type=\"widget\" data-widget_type=\"booknetic.default\">\n\t\t\t\t<div class=\"elementor-widget-container\">\n\t\t\t\t\t<div id=\"bookneticElementorContainer\"><link rel=\"stylesheet\" href=\"\/\/unshotdecom.fr\/wp-content\/uploads\/booknetic\/appearance\/theme_8.css\">\n<div class=\"booknetic_appointment\" id=\"booknetic_theme_8\" data-info=\"f1939de0a05c72bf3647ab32c7fae5bc32dd85891c54a281ae1065b518f08a0b:W10=\" data-steps=\"[{&quot;id&quot;:&quot;location&quot;,&quot;order_number&quot;:1,&quot;value&quot;:&quot;&quot;,&quot;hidden&quot;:false,&quot;loader&quot;:&quot;card1&quot;,&quot;title&quot;:&quot;Emplacement&quot;,&quot;head_title&quot;:&quot;S\\u00e9lectionnez votre m\\u00e9thode (pr\\u00e9sentiel ou visio)&quot;},{&quot;id&quot;:&quot;service&quot;,&quot;order_number&quot;:11,&quot;value&quot;:&quot;&quot;,&quot;hidden&quot;:false,&quot;loader&quot;:&quot;card2&quot;,&quot;title&quot;:&quot;Service&quot;,&quot;head_title&quot;:&quot;Quel sujet souhaitez-vous \\u00e9voquer ?&quot;,&quot;attrs&quot;:&quot; data-service-category=\\&quot;\\&quot;&quot;},{&quot;id&quot;:&quot;staff&quot;,&quot;order_number&quot;:21,&quot;value&quot;:&quot;&quot;,&quot;hidden&quot;:false,&quot;loader&quot;:&quot;card1&quot;,&quot;title&quot;:&quot;Collaborateurs&quot;,&quot;head_title&quot;:&quot;Choisissez votre interlocutrice&quot;},{&quot;id&quot;:&quot;service_extras&quot;,&quot;order_number&quot;:31,&quot;value&quot;:&quot;&quot;,&quot;hidden&quot;:true,&quot;loader&quot;:&quot;card2&quot;,&quot;title&quot;:&quot;Service Extras&quot;,&quot;head_title&quot;:&quot;Select service extras&quot;},{&quot;id&quot;:&quot;date_time&quot;,&quot;order_number&quot;:41,&quot;value&quot;:&quot;&quot;,&quot;hidden&quot;:false,&quot;loader&quot;:&quot;card3&quot;,&quot;title&quot;:&quot;Date et heure&quot;,&quot;head_title&quot;:&quot;Choisissez votre cr\\u00e9neau&quot;},{&quot;id&quot;:&quot;recurring_info&quot;,&quot;order_number&quot;:51,&quot;value&quot;:&quot;&quot;,&quot;hidden&quot;:true,&quot;loader&quot;:&quot;card3&quot;,&quot;title&quot;:&quot;Informations r\\u00e9currentes&quot;,&quot;head_title&quot;:&quot;Informations r\\u00e9currentes&quot;},{&quot;id&quot;:&quot;information&quot;,&quot;order_number&quot;:61,&quot;value&quot;:&quot;&quot;,&quot;hidden&quot;:false,&quot;loader&quot;:&quot;card3&quot;,&quot;title&quot;:&quot;Information&quot;,&quot;head_title&quot;:&quot;Vos coordonn\\u00e9es&quot;},{&quot;id&quot;:&quot;cart&quot;,&quot;order_number&quot;:71,&quot;value&quot;:&quot;&quot;,&quot;hidden&quot;:false,&quot;loader&quot;:&quot;card3&quot;,&quot;title&quot;:&quot;Panier&quot;,&quot;head_title&quot;:&quot;Votre panier&quot;},{&quot;id&quot;:&quot;confirm_details&quot;,&quot;order_number&quot;:81,&quot;value&quot;:&quot;&quot;,&quot;hidden&quot;:false,&quot;loader&quot;:&quot;card3&quot;,&quot;title&quot;:&quot;Confirmation&quot;,&quot;head_title&quot;:&quot;Confirmez les informations et validez&quot;}]\">\n\t<div class=\"booknetic_appointment_steps has-logo\">\n\t\t\t\t<div class=\"booknetic_company_logo\">\n\t\t\t<img decoding=\"async\" src=\"http:\/\/unshotdecom.fr\/wp-content\/uploads\/booknetic\/settings\/2953796a4c2a81d027d1ae026504f048.png\">\n\t\t<\/div>\n\t\t\t\t<div class=\"booknetic_appointment_steps_body nice-scrollbar-primary\"><\/div>\n        <div class=\"booknetic_appointment_steps_footer\">\n            <div class=\"booknetic_appointment_steps_footer_txt1\">Vous avez des questions ?<\/div>\n            <div class=\"booknetic_appointment_steps_footer_txt2\">06 82 97 14 12<\/div>\n        <\/div>\n    <\/div>\n    <div class=\"booknetic_appointment_container\">\n\n        <div class=\"booknetic_appointment_container_header\">\n            <div class=\"booknetic_appointment_container_header_text\"><\/div>\n                        <div class=\"booknetic_appointment_container_header_cart booknetic_hidden\">\n                <div class=\"booknetic-appointment-container-cart-btn \">\n                    <img decoding=\"async\" src=\"https:\/\/unshotdecom.fr\/wp-content\/plugins\/booknetic\/app\/Frontend\/assets\/icons\/cart.svg\" alt=\"\">\n                    <span>0<\/span>\n                <\/div>\n            <\/div>\n                    <\/div>\n        <div class=\"booknetic_appointment_container_body\">\n\n            <div class=\"booknetic_preloader_card1_box booknetic_hidden\">\n                <div class=\"booknetic_preloader_card1\">\n                    <div class=\"booknetic_preloader_card1_image\"><\/div>\n                    <div class=\"booknetic_preloader_card1_description\"><\/div>\n                <\/div>\n\n                <div class=\"booknetic_preloader_card1\">\n                    <div class=\"booknetic_preloader_card1_image\"><\/div>\n                    <div class=\"booknetic_preloader_card1_description\"><\/div>\n                <\/div>\n\n                <div class=\"booknetic_preloader_card1\">\n                    <div class=\"booknetic_preloader_card1_image\"><\/div>\n                    <div class=\"booknetic_preloader_card1_description\"><\/div>\n                <\/div>\n            <\/div>\n\n            <div class=\"booknetic_preloader_card2_box booknetic_hidden\">\n                <div class=\"booknetic_preloader_card2\">\n                    <div class=\"booknetic_preloader_card2_image\"><\/div>\n                    <div class=\"booknetic_preloader_card2_description\"><\/div>\n                <\/div>\n\n                <div class=\"booknetic_preloader_card2\">\n                    <div class=\"booknetic_preloader_card2_image\"><\/div>\n                    <div class=\"booknetic_preloader_card2_description\"><\/div>\n                <\/div>\n\n                <div class=\"booknetic_preloader_card2\">\n                    <div class=\"booknetic_preloader_card2_image\"><\/div>\n                    <div class=\"booknetic_preloader_card2_description\"><\/div>\n                <\/div>\n            <\/div>\n\n            <div class=\"booknetic_preloader_card3_box booknetic_hidden\">\n                <div class=\"booknetic_preloader_card3\"><\/div>\n                <div class=\"booknetic_preloader_card3\"><\/div>\n                <div class=\"booknetic_preloader_card3\"><\/div>\n                <div class=\"booknetic_preloader_card3\"><\/div>\n            <\/div>\n\n            <div class=\"booknetic_need_copy\" >\n                <div data-step-id=\"location\" class=\"booknetic_hidden\"><\/div>\n                <div data-step-id=\"staff\" class=\"booknetic_hidden\"><\/div>\n                <div data-step-id=\"service\" class=\"booknetic_hidden\"><\/div>\n                <div data-step-id=\"service_extras\" class=\"booknetic_hidden\"><\/div>\n                <div data-step-id=\"date_time\" class=\"booknetic_hidden\"><\/div>\n                <div data-step-id=\"recurring_info\" class=\"booknetic_hidden\"><\/div>\n                <div data-step-id=\"information\" class=\"booknetic_hidden\"><\/div>\n            <\/div>\n\n            <div data-step-id=\"cart\" class=\"booknetic_hidden\"><\/div>\n            <div data-step-id=\"confirm_details\" class=\"booknetic_hidden\"><\/div>\n\n            <div class=\"booknetic_appointment_finished_with_error booknetic_hidden\">\n                <img decoding=\"async\" src=\"https:\/\/unshotdecom.fr\/wp-content\/plugins\/booknetic\/app\/Frontend\/assets\/images\/payment-error.svg\">\n                <div>Nous ne sommes pas en mesure de traiter votre paiement. Veuillez r\u00e9essayer.<\/div>\n            <\/div>\n\n        <\/div>\n        <div class=\"booknetic_appointment_container_footer\">\n            <button type=\"button\" class=\"booknetic_btn_secondary booknetic_prev_step\">Retour<\/button>\n            <div class=\"booknetic_warning_message\"><\/div>\n            <button type=\"button\" class=\"booknetic_btn_primary booknetic_next_step booknetic_next_step_btn\">\u00c9TAPE SUIVANTE<\/button>\n            <button type=\"button\" class=\"booknetic_btn_primary booknetic_next_step booknetic_confirm_booking_btn\">CONFIRM BOOKING<\/button>\n            <button type=\"button\" class=\"booknetic_btn_primary booknetic_hidden booknetic_try_again_btn\">R\u00c9ESSAYER<\/button>\n        <\/div>\n\n        \n    <\/div>\n    <div class=\"booknetic_appointment_finished\">\n        <div class=\"booknetic_appointment_finished_icon\"><img decoding=\"async\" src=\"https:\/\/unshotdecom.fr\/wp-content\/plugins\/booknetic\/app\/Frontend\/assets\/icons\/status-ok.svg\"><\/div>\n        <div class=\"booknetic_appointment_finished_title\">Thank you for your request!<\/div>\n        <div class=\"booknetic_appointment_finished_subtitle\">Your confirmation number:<\/div>\n        <div class=\"booknetic_appointment_finished_code\"><\/div>\n        <div class=\"booknetic_appointment_finished_actions\">\n            <button type=\"button\" id=\"booknetic_add_to_google_calendar_btn\" class=\"booknetic_btn_secondary\"><img decoding=\"async\" src=\"https:\/\/unshotdecom.fr\/wp-content\/plugins\/booknetic\/app\/Frontend\/assets\/icons\/calendar.svg\"> ADD TO GOOGLE CALENDAR<\/button>\n            <a id=\"booknetic_add_to_icalendar_btn\" download=\"Ev\u00e9nement.ics\" class=\"booknetic_btn_secondary\"><img decoding=\"async\" src=\"https:\/\/unshotdecom.fr\/wp-content\/plugins\/booknetic\/app\/Frontend\/assets\/icons\/calendar.svg\"> AJOUTER AU CALENDRIER ICAL<\/a>\n            <button type=\"button\" id=\"booknetic_start_new_booking_btn\" class=\"booknetic_btn_secondary\"><img decoding=\"async\" src=\"https:\/\/unshotdecom.fr\/wp-content\/plugins\/booknetic\/app\/Frontend\/assets\/icons\/plus.svg\"> START NEW BOOKING<\/button>\n            <button type=\"button\" id=\"booknetic_finish_btn\" class=\"booknetic_btn_secondary\" data-redirect-url=\"www.unshotdecom.fr\"><img decoding=\"async\" src=\"https:\/\/unshotdecom.fr\/wp-content\/plugins\/booknetic\/app\/Frontend\/assets\/icons\/check-small.svg\"> FINISH BOOKING<\/button>\n        <\/div>\n    <\/div>\n\n    <div id=\"booknetic_progress\" class=\"booknetic_progress_waiting booknetic_progress_done\"><dt><\/dt><dd><\/dd><\/div>\n<\/div>\n\n<script type=\"application\/javascript\">\n    (function ()\n    {\n        let initBookingPanel = function ()\n        {\n            if( typeof window.bookneticInitBookingPage !== 'undefined' ) {\n                jQuery(\".booknetic_appointment\").each( ( i , v ) =>\n                {\n                    window.bookneticInitBookingPage( v );\n                } );\n            } else {\n                \/* Bele yazilmasinin sebebi siteground-optimizer (Speed Optimizer) pluginidir ki, qeribe shekilde bu JS`i goturub oz JS faylina salib run edir ve error partlayir ki, window.bookneticInitBookingPage tapilmadi deye. *\/\n                setTimeout(initBookingPanel, 1000);\n            }\n        }\n\n        if( document.readyState === 'loading' )\n            document.addEventListener('DOMContentLoaded', initBookingPanel)\n        else\n            initBookingPanel();\n    })();\n<\/script>\n<\/div>\t\t\t\t<\/div>\n\t\t\t\t<\/div>\n\t\t\t\t\t<\/div>\n\t\t<\/div>\n\t\t\t\t\t<\/div>\n\t\t<\/section>\n\t\t\t\t<\/div>\n\t\t","protected":false},"excerpt":{"rendered":"<p>Lieu Service Personnel Service Extras Date &amp; Heure Informations r\u00e9currentes Information Cart Confirmation 0 Nous ne sommes pas en mesure de traiter votre paiement. Veuillez r\u00e9essayer. RETOUR PROCHAINE \u00c9TAPE CONFIRMER LA R\u00c9SERVATION R\u00c9ESSAYER Merci pour votre requ\u00eate! Votre num\u00e9ro de confirmation: AJOUTER AU CALENDRIER GOOGLE DEBUTER UN NOUVEAU RDV TERMINER LA RESERVATION<\/p>\n","protected":false},"author":1,"featured_media":0,"parent":0,"menu_order":0,"comment_status":"closed","ping_status":"closed","template":"","meta":{"om_disable_all_campaigns":false,"_monsterinsights_skip_tracking":false,"_monsterinsights_sitenote_active":false,"_monsterinsights_sitenote_note":"","_monsterinsights_sitenote_category":0,"footnotes":""},"class_list":["post-2","page","type-page","status-publish","hentry"],"yoast_head":"<!-- This site is optimized with the Yoast SEO plugin v24.6 - https:\/\/yoast.com\/wordpress\/plugins\/seo\/ -->\n<title>Achetez du conseil en communication avec un Shot de Com !<\/title>\n<meta name=\"description\" content=\"Un shot et \u00e7a repart ! Achetez enfin du conseil en communication et passez \u00e0 l&#039;action rapidement et facilement.\" \/>\n<meta name=\"robots\" content=\"index, follow, max-snippet:-1, max-image-preview:large, max-video-preview:-1\" \/>\n<link rel=\"canonical\" href=\"https:\/\/unshotdecom.fr\/index.php\/acheter-un-shot-de-com-conseil-en-communication\/\" \/>\n<meta property=\"og:locale\" content=\"fr_FR\" \/>\n<meta property=\"og:type\" content=\"article\" \/>\n<meta property=\"og:title\" content=\"Achetez du conseil en communication avec un Shot de Com !\" \/>\n<meta property=\"og:description\" content=\"Un shot et \u00e7a repart ! Achetez enfin du conseil en communication et passez \u00e0 l&#039;action rapidement et facilement.\" \/>\n<meta property=\"og:url\" content=\"https:\/\/unshotdecom.fr\/index.php\/acheter-un-shot-de-com-conseil-en-communication\/\" \/>\n<meta property=\"og:site_name\" content=\"Un Shot de Com\" \/>\n<meta property=\"article:modified_time\" content=\"2022-10-17T13:56:24+00:00\" \/>\n<meta property=\"og:image\" content=\"http:\/\/unshotdecom.fr\/wp-content\/uploads\/booknetic\/settings\/2953796a4c2a81d027d1ae026504f048.png\" \/>\n<meta name=\"twitter:card\" content=\"summary_large_image\" \/>\n<meta name=\"twitter:label1\" content=\"Dur\u00e9e de lecture estim\u00e9e\" \/>\n\t<meta name=\"twitter:data1\" content=\"2 minutes\" \/>\n<script type=\"application\/ld+json\" class=\"yoast-schema-graph\">{\"@context\":\"https:\/\/schema.org\",\"@graph\":[{\"@type\":\"WebPage\",\"@id\":\"https:\/\/unshotdecom.fr\/index.php\/acheter-un-shot-de-com-conseil-en-communication\/\",\"url\":\"https:\/\/unshotdecom.fr\/index.php\/acheter-un-shot-de-com-conseil-en-communication\/\",\"name\":\"Achetez du conseil en communication avec un Shot de Com !\",\"isPartOf\":{\"@id\":\"https:\/\/unshotdecom.fr\/#website\"},\"primaryImageOfPage\":{\"@id\":\"https:\/\/unshotdecom.fr\/index.php\/acheter-un-shot-de-com-conseil-en-communication\/#primaryimage\"},\"image\":{\"@id\":\"https:\/\/unshotdecom.fr\/index.php\/acheter-un-shot-de-com-conseil-en-communication\/#primaryimage\"},\"thumbnailUrl\":\"http:\/\/unshotdecom.fr\/wp-content\/uploads\/booknetic\/settings\/2953796a4c2a81d027d1ae026504f048.png\",\"datePublished\":\"2022-07-11T15:30:55+00:00\",\"dateModified\":\"2022-10-17T13:56:24+00:00\",\"description\":\"Un shot et \u00e7a repart ! Achetez enfin du conseil en communication et passez \u00e0 l'action rapidement et facilement.\",\"breadcrumb\":{\"@id\":\"https:\/\/unshotdecom.fr\/index.php\/acheter-un-shot-de-com-conseil-en-communication\/#breadcrumb\"},\"inLanguage\":\"fr-FR\",\"potentialAction\":[{\"@type\":\"ReadAction\",\"target\":[\"https:\/\/unshotdecom.fr\/index.php\/acheter-un-shot-de-com-conseil-en-communication\/\"]}]},{\"@type\":\"ImageObject\",\"inLanguage\":\"fr-FR\",\"@id\":\"https:\/\/unshotdecom.fr\/index.php\/acheter-un-shot-de-com-conseil-en-communication\/#primaryimage\",\"url\":\"http:\/\/unshotdecom.fr\/wp-content\/uploads\/booknetic\/settings\/2953796a4c2a81d027d1ae026504f048.png\",\"contentUrl\":\"http:\/\/unshotdecom.fr\/wp-content\/uploads\/booknetic\/settings\/2953796a4c2a81d027d1ae026504f048.png\"},{\"@type\":\"BreadcrumbList\",\"@id\":\"https:\/\/unshotdecom.fr\/index.php\/acheter-un-shot-de-com-conseil-en-communication\/#breadcrumb\",\"itemListElement\":[{\"@type\":\"ListItem\",\"position\":1,\"name\":\"Accueil\",\"item\":\"https:\/\/unshotdecom.fr\/\"},{\"@type\":\"ListItem\",\"position\":2,\"name\":\"Conseil en communication\"}]},{\"@type\":\"WebSite\",\"@id\":\"https:\/\/unshotdecom.fr\/#website\",\"url\":\"https:\/\/unshotdecom.fr\/\",\"name\":\"Un Shot de Com\",\"description\":\"Un shot et \u00e7a repart !\",\"publisher\":{\"@id\":\"https:\/\/unshotdecom.fr\/#organization\"},\"potentialAction\":[{\"@type\":\"SearchAction\",\"target\":{\"@type\":\"EntryPoint\",\"urlTemplate\":\"https:\/\/unshotdecom.fr\/?s={search_term_string}\"},\"query-input\":{\"@type\":\"PropertyValueSpecification\",\"valueRequired\":true,\"valueName\":\"search_term_string\"}}],\"inLanguage\":\"fr-FR\"},{\"@type\":\"Organization\",\"@id\":\"https:\/\/unshotdecom.fr\/#organization\",\"name\":\"Un Shot de Com\",\"url\":\"https:\/\/unshotdecom.fr\/\",\"logo\":{\"@type\":\"ImageObject\",\"inLanguage\":\"fr-FR\",\"@id\":\"https:\/\/unshotdecom.fr\/#\/schema\/logo\/image\/\",\"url\":\"https:\/\/unshotdecom.fr\/wp-content\/uploads\/2021\/12\/the7-logo-004.svg\",\"contentUrl\":\"https:\/\/unshotdecom.fr\/wp-content\/uploads\/2021\/12\/the7-logo-004.svg\",\"width\":300,\"height\":50,\"caption\":\"Un Shot de Com\"},\"image\":{\"@id\":\"https:\/\/unshotdecom.fr\/#\/schema\/logo\/image\/\"}}]}<\/script>\n<!-- \/ Yoast SEO plugin. -->","yoast_head_json":{"title":"Achetez du conseil en communication avec un Shot de Com !","description":"Un shot et \u00e7a repart ! Achetez enfin du conseil en communication et passez \u00e0 l'action rapidement et facilement.","robots":{"index":"index","follow":"follow","max-snippet":"max-snippet:-1","max-image-preview":"max-image-preview:large","max-video-preview":"max-video-preview:-1"},"canonical":"https:\/\/unshotdecom.fr\/index.php\/acheter-un-shot-de-com-conseil-en-communication\/","og_locale":"fr_FR","og_type":"article","og_title":"Achetez du conseil en communication avec un Shot de Com !","og_description":"Un shot et \u00e7a repart ! Achetez enfin du conseil en communication et passez \u00e0 l'action rapidement et facilement.","og_url":"https:\/\/unshotdecom.fr\/index.php\/acheter-un-shot-de-com-conseil-en-communication\/","og_site_name":"Un Shot de Com","article_modified_time":"2022-10-17T13:56:24+00:00","og_image":[{"url":"http:\/\/unshotdecom.fr\/wp-content\/uploads\/booknetic\/settings\/2953796a4c2a81d027d1ae026504f048.png","type":"","width":"","height":""}],"twitter_card":"summary_large_image","twitter_misc":{"Dur\u00e9e de lecture estim\u00e9e":"2 minutes"},"schema":{"@context":"https:\/\/schema.org","@graph":[{"@type":"WebPage","@id":"https:\/\/unshotdecom.fr\/index.php\/acheter-un-shot-de-com-conseil-en-communication\/","url":"https:\/\/unshotdecom.fr\/index.php\/acheter-un-shot-de-com-conseil-en-communication\/","name":"Achetez du conseil en communication avec un Shot de Com !","isPartOf":{"@id":"https:\/\/unshotdecom.fr\/#website"},"primaryImageOfPage":{"@id":"https:\/\/unshotdecom.fr\/index.php\/acheter-un-shot-de-com-conseil-en-communication\/#primaryimage"},"image":{"@id":"https:\/\/unshotdecom.fr\/index.php\/acheter-un-shot-de-com-conseil-en-communication\/#primaryimage"},"thumbnailUrl":"http:\/\/unshotdecom.fr\/wp-content\/uploads\/booknetic\/settings\/2953796a4c2a81d027d1ae026504f048.png","datePublished":"2022-07-11T15:30:55+00:00","dateModified":"2022-10-17T13:56:24+00:00","description":"Un shot et \u00e7a repart ! Achetez enfin du conseil en communication et passez \u00e0 l'action rapidement et facilement.","breadcrumb":{"@id":"https:\/\/unshotdecom.fr\/index.php\/acheter-un-shot-de-com-conseil-en-communication\/#breadcrumb"},"inLanguage":"fr-FR","potentialAction":[{"@type":"ReadAction","target":["https:\/\/unshotdecom.fr\/index.php\/acheter-un-shot-de-com-conseil-en-communication\/"]}]},{"@type":"ImageObject","inLanguage":"fr-FR","@id":"https:\/\/unshotdecom.fr\/index.php\/acheter-un-shot-de-com-conseil-en-communication\/#primaryimage","url":"http:\/\/unshotdecom.fr\/wp-content\/uploads\/booknetic\/settings\/2953796a4c2a81d027d1ae026504f048.png","contentUrl":"http:\/\/unshotdecom.fr\/wp-content\/uploads\/booknetic\/settings\/2953796a4c2a81d027d1ae026504f048.png"},{"@type":"BreadcrumbList","@id":"https:\/\/unshotdecom.fr\/index.php\/acheter-un-shot-de-com-conseil-en-communication\/#breadcrumb","itemListElement":[{"@type":"ListItem","position":1,"name":"Accueil","item":"https:\/\/unshotdecom.fr\/"},{"@type":"ListItem","position":2,"name":"Conseil en communication"}]},{"@type":"WebSite","@id":"https:\/\/unshotdecom.fr\/#website","url":"https:\/\/unshotdecom.fr\/","name":"Un Shot de Com","description":"Un shot et \u00e7a repart !","publisher":{"@id":"https:\/\/unshotdecom.fr\/#organization"},"potentialAction":[{"@type":"SearchAction","target":{"@type":"EntryPoint","urlTemplate":"https:\/\/unshotdecom.fr\/?s={search_term_string}"},"query-input":{"@type":"PropertyValueSpecification","valueRequired":true,"valueName":"search_term_string"}}],"inLanguage":"fr-FR"},{"@type":"Organization","@id":"https:\/\/unshotdecom.fr\/#organization","name":"Un Shot de Com","url":"https:\/\/unshotdecom.fr\/","logo":{"@type":"ImageObject","inLanguage":"fr-FR","@id":"https:\/\/unshotdecom.fr\/#\/schema\/logo\/image\/","url":"https:\/\/unshotdecom.fr\/wp-content\/uploads\/2021\/12\/the7-logo-004.svg","contentUrl":"https:\/\/unshotdecom.fr\/wp-content\/uploads\/2021\/12\/the7-logo-004.svg","width":300,"height":50,"caption":"Un Shot de Com"},"image":{"@id":"https:\/\/unshotdecom.fr\/#\/schema\/logo\/image\/"}}]}},"_links":{"self":[{"href":"https:\/\/unshotdecom.fr\/index.php\/wp-json\/wp\/v2\/pages\/2","targetHints":{"allow":["GET"]}}],"collection":[{"href":"https:\/\/unshotdecom.fr\/index.php\/wp-json\/wp\/v2\/pages"}],"about":[{"href":"https:\/\/unshotdecom.fr\/index.php\/wp-json\/wp\/v2\/types\/page"}],"author":[{"embeddable":true,"href":"https:\/\/unshotdecom.fr\/index.php\/wp-json\/wp\/v2\/users\/1"}],"replies":[{"embeddable":true,"href":"https:\/\/unshotdecom.fr\/index.php\/wp-json\/wp\/v2\/comments?post=2"}],"version-history":[{"count":30,"href":"https:\/\/unshotdecom.fr\/index.php\/wp-json\/wp\/v2\/pages\/2\/revisions"}],"predecessor-version":[{"id":78316,"href":"https:\/\/unshotdecom.fr\/index.php\/wp-json\/wp\/v2\/pages\/2\/revisions\/78316"}],"wp:attachment":[{"href":"https:\/\/unshotdecom.fr\/index.php\/wp-json\/wp\/v2\/media?parent=2"}],"curies":[{"name":"wp","href":"https:\/\/api.w.org\/{rel}","templated":true}]}}