{"id":29656,"date":"2020-12-17T18:17:47","date_gmt":"2020-12-17T18:17:47","guid":{"rendered":"https:\/\/the7.io\/elementor-main\/?page_id=29656"},"modified":"2022-10-17T15:24:13","modified_gmt":"2022-10-17T13:24:13","slug":"mentions-legales","status":"publish","type":"page","link":"https:\/\/unshotdecom.fr\/index.php\/mentions-legales\/","title":{"rendered":"Mentions l\u00e9gales"},"content":{"rendered":"\t\t<div data-elementor-type=\"wp-page\" data-elementor-id=\"29656\" class=\"elementor elementor-29656\" data-elementor-post-type=\"page\">\n\t\t\t\t\t\t<section class=\"elementor-section elementor-top-section elementor-element elementor-element-9a40cef elementor-reverse-mobile elementor-section-boxed elementor-section-height-default elementor-section-height-default\" data-id=\"9a40cef\" data-element_type=\"section\" data-e-type=\"section\">\n\t\t\t\t\t\t<div class=\"elementor-container elementor-column-gap-wider\">\n\t\t\t\t\t<div class=\"elementor-column elementor-col-100 elementor-top-column elementor-element elementor-element-4205337\" data-id=\"4205337\" data-element_type=\"column\" data-e-type=\"column\">\n\t\t\t<div class=\"elementor-widget-wrap elementor-element-populated\">\n\t\t\t\t\t\t<div class=\"elementor-element elementor-element-b44398e page-content elementor-widget elementor-widget-text-editor\" data-id=\"b44398e\" data-element_type=\"widget\" data-e-type=\"widget\" data-widget_type=\"text-editor.default\">\n\t\t\t\t<div class=\"elementor-widget-container\">\n\t\t\t\t\t\t\t\t\t<p>Site internet : www.unshotdecom.fr<\/p>\n<p>Identit\u00e9 et coordonn\u00e9es\u00a0de l\u2019organisme :<br \/>Elie Conseil et Communication<\/p>\n<p>Mail : info@unshotdecom.fr<\/p>\n<p>T\u00e9l. : 06 82 97 14 12<\/p>\n<p>Coordonn\u00e9es du d\u00e9l\u00e9gu\u00e9 \u00e0 la protection des donn\u00e9es :<\/p>\n<p>Christelle Elie &amp; Elise Peyrat<\/p>\n<p>68 BD Meyniel, 47200 Marmande<\/p>\n<p><br \/><strong>Donn\u00e9es personnelles r\u00e9colt\u00e9es :<\/strong><\/p>\n<p>Trois types de donn\u00e9es \u00e0 caract\u00e8re personnel sont collect\u00e9s sur le site : www.unshotdecom.fr<\/p>\n<p>Donn\u00e9es saisies et envoy\u00e9es via le formulaire de contact<\/p>\n<ul>\n<li>Donn\u00e9es saisies et envoy\u00e9es via le formulaire d\u2019inscription \u00e0 la newsletter et par le biais de votre commande<\/li>\n<li>Donn\u00e9es collect\u00e9es par l\u2019outil de mesure d\u2019audience Google Analytics<\/li>\n<\/ul>\n<h4><strong><br \/>Finalit\u00e9 de la collecte des donn\u00e9es personnels :<\/strong><\/h4>\n<p><strong>Des renseignements personnels sont collect\u00e9s par le biais du formulaire de contact<\/strong>\u00a0et ont pour but de recontacter les personnes qui ont laiss\u00e9 leurs informations de contact dans le cadre de la relation commerciale. En soumettant le formulaire et en cochant la case \u00e0 cocher de consentement du formulaire, l\u2019internaute donne express\u00e9ment son accord pour que les donn\u00e9es \u00e0 caract\u00e8re personnel soient trait\u00e9es pour la finalit\u00e9 d\u00e9crite. Dans ce but, vos donn\u00e9es sont conserv\u00e9es pour une dur\u00e9e d\u2019un an \u00e0 compter de l\u2019envoi du formulaire.<\/p>\n<p><strong>Des renseignements personnels sont collect\u00e9s par le biais du formulaire d\u2019inscription \u00e0 la newsletter<\/strong>\u00a0et ont pour but de recontacter les personnes qui ont laiss\u00e9 leurs informations de contact pour l\u2019envoi des lettres d\u2019informations (newsletters). En soumettant le formulaire et en cochant la case \u00e0 cocher de consentement du formulaire, l\u2019internaute donne express\u00e9ment son accord pour que les donn\u00e9es \u00e0 caract\u00e8re personnel soient trait\u00e9es pour la finalit\u00e9 d\u00e9crite. Dans ce but, vos donn\u00e9es sont conserv\u00e9es pour une dur\u00e9e de 3 ans \u00e0 compter de l\u2019envoi du formulaire.<\/p>\n<p><strong>Des donn\u00e9es personnels sont collect\u00e9s \u00e0 travers l\u2019outil de suivi d\u2019audience Google Analytics\u00a0<\/strong>et ont pour but d\u2019analyser le comportement des internautes sur le site afin de pouvoir mesurer leur audience et am\u00e9liorer leur performance.<\/p>\n<p><strong>Les cookies<\/strong>\u00a0sont des fichiers \u00ab\u00a0texte\u00a0\u00bb install\u00e9s sur le terminal des internautes. Ils ne contiennent aucune information nominative, uniquement des identifiants cr\u00e9\u00e9s de mani\u00e8re al\u00e9atoire. Vous pouvez r\u00e9gler vos pr\u00e9f\u00e9rences de cookies lors de votre premi\u00e8re connexion au site. Les cookies utilis\u00e9s par l\u2019outil de mesure d\u2019audience Google Analytics ont les dur\u00e9es de vie suivantes :<br \/>_ga : 2 ans<br \/>_gid : 24 heures<br \/>_gat : 1 minute<\/p>\n<h4><strong><br \/>Droit d\u2019opposition et de retrait\u00a0:<\/strong><\/h4>\n<p>Nous nous engageons \u00e0 vous offrir un droit d\u2019opposition et de retrait quant \u00e0 vos renseignements personnels. Le droit d\u2019opposition s\u2019entend comme \u00e9tant la possibilit\u00e9 offerte aux internautes de refuser que leurs renseignements personnels soient utilis\u00e9s \u00e0 certaines fins mentionn\u00e9es lors de la collecte.<\/p>\n<p>Pour pouvoir exercer ces droits, vous pouvez nous contacter par :<br \/>Voie postale :<\/p>\n<p>Elie Conseil et Communication<\/p>\n<p>68 boulevard Meyniel<\/p>\n<p>ou par mail : info@unshotdecom.fr<\/p>\n<h4><strong>Droit d\u2019acc\u00e8s\u00a0:<\/strong><\/h4>\n<p>Nous nous engageons \u00e0 reconna\u00eetre un droit d\u2019acc\u00e8s et de rectification aux personnes concern\u00e9es d\u00e9sireuses de consulter, modifier, voire radier les informations les concernant.<br \/>L\u2019exercice de ce droit se fera par :<\/p>\n<p>Voie postale :<\/p>\n<p>Elie Conseil et Communication<\/p>\n<p>68 boulevard Meyniel<\/p>\n<p>ou par mail : info@unshotdecom.fr<\/p>\n<h4><strong><br \/>S\u00e9curit\u00e9\u00a0:<\/strong><\/h4>\n<p>Les renseignements personnels que nous collectons sont conserv\u00e9s dans un environnement s\u00e9curis\u00e9. Les personnes travaillant pour nous sont tenues de respecter la confidentialit\u00e9 de vos informations.<br \/>Pour assurer la s\u00e9curit\u00e9 de vos renseignements personnels, nous avons recours aux mesures suivantes :<\/p>\n<ul>\n<li>Protocole SSL (Secure Sockets Layer)<\/li>\n<li>Gestion des acc\u00e8s \u2013 personne autoris\u00e9e<\/li>\n<li>Sauvegarde informatique<\/li>\n<li>Pare-feu (Firewalls)<\/li>\n<\/ul>\n<p>Nous nous engageons \u00e0 maintenir un haut degr\u00e9 de confidentialit\u00e9 en int\u00e9grant les derni\u00e8res innovations technologiques permettant d\u2019assurer la confidentialit\u00e9 de vos transactions. Toutefois, comme aucun m\u00e9canisme n\u2019offre une s\u00e9curit\u00e9 maximale, une part de risque est toujours pr\u00e9sente lorsque l\u2019on utilise Internet pour transmettre des renseignements personnels.<\/p>\n<h4><strong>L\u00e9gislation\u00a0:<\/strong><\/h4>\n<p>Nous nous engageons \u00e0 respecter les dispositions l\u00e9gislatives du R\u00e8glement g\u00e9n\u00e9ral sur la protection des donn\u00e9es (RGPD).<\/p>\t\t\t\t\t\t\t\t<\/div>\n\t\t\t\t<\/div>\n\t\t\t\t\t<\/div>\n\t\t<\/div>\n\t\t\t\t\t<\/div>\n\t\t<\/section>\n\t\t\t\t<\/div>\n\t\t","protected":false},"excerpt":{"rendered":"<p>Site internet : www.unshotdecom.fr Identit\u00e9 et coordonn\u00e9es&nbsp;de l\u2019organisme : Elie Conseil et Communication Mail : info@unshotdecom.fr T\u00e9l. : 06 82 97 14 12 Coordonn\u00e9es du d\u00e9l\u00e9gu\u00e9 \u00e0 la protection des donn\u00e9es : Christelle Elie &amp; Elise Peyrat 68 BD Meyniel, 47200 Marmande Donn\u00e9es personnelles r\u00e9colt\u00e9es : Trois types de donn\u00e9es \u00e0 caract\u00e8re personnel sont collect\u00e9s&hellip;<\/p>\n","protected":false},"author":2,"featured_media":0,"parent":0,"menu_order":997,"comment_status":"closed","ping_status":"closed","template":"","meta":{"om_disable_all_campaigns":false,"_monsterinsights_skip_tracking":false,"_monsterinsights_sitenote_active":false,"_monsterinsights_sitenote_note":"","_monsterinsights_sitenote_category":0,"footnotes":""},"class_list":["post-29656","page","type-page","status-publish","hentry"],"yoast_head":"<!-- This site is optimized with the Yoast SEO plugin v24.6 - https:\/\/yoast.com\/wordpress\/plugins\/seo\/ -->\n<title>Mentions l\u00e9gales - Un Shot de Com<\/title>\n<meta name=\"robots\" content=\"index, follow, max-snippet:-1, max-image-preview:large, max-video-preview:-1\" \/>\n<link rel=\"canonical\" href=\"https:\/\/unshotdecom.fr\/index.php\/mentions-legales\/\" \/>\n<meta property=\"og:locale\" content=\"fr_FR\" \/>\n<meta property=\"og:type\" content=\"article\" \/>\n<meta property=\"og:title\" content=\"Mentions l\u00e9gales - Un Shot de Com\" \/>\n<meta property=\"og:description\" content=\"Site internet : www.unshotdecom.fr Identit\u00e9 et coordonn\u00e9es&nbsp;de l\u2019organisme : Elie Conseil et Communication Mail : info@unshotdecom.fr T\u00e9l. : 06 82 97 14 12 Coordonn\u00e9es du d\u00e9l\u00e9gu\u00e9 \u00e0 la protection des donn\u00e9es : Christelle Elie &amp; Elise Peyrat 68 BD Meyniel, 47200 Marmande Donn\u00e9es personnelles r\u00e9colt\u00e9es : Trois types de donn\u00e9es \u00e0 caract\u00e8re personnel sont collect\u00e9s&hellip;\" \/>\n<meta property=\"og:url\" content=\"https:\/\/unshotdecom.fr\/index.php\/mentions-legales\/\" \/>\n<meta property=\"og:site_name\" content=\"Un Shot de Com\" \/>\n<meta property=\"article:modified_time\" content=\"2022-10-17T13:24:13+00:00\" \/>\n<meta name=\"twitter:card\" content=\"summary_large_image\" \/>\n<meta name=\"twitter:label1\" content=\"Dur\u00e9e de lecture estim\u00e9e\" \/>\n\t<meta name=\"twitter:data1\" content=\"4 minutes\" \/>\n<script type=\"application\/ld+json\" class=\"yoast-schema-graph\">{\"@context\":\"https:\/\/schema.org\",\"@graph\":[{\"@type\":\"WebPage\",\"@id\":\"https:\/\/unshotdecom.fr\/index.php\/mentions-legales\/\",\"url\":\"https:\/\/unshotdecom.fr\/index.php\/mentions-legales\/\",\"name\":\"Mentions l\u00e9gales - Un Shot de Com\",\"isPartOf\":{\"@id\":\"https:\/\/unshotdecom.fr\/#website\"},\"datePublished\":\"2020-12-17T18:17:47+00:00\",\"dateModified\":\"2022-10-17T13:24:13+00:00\",\"breadcrumb\":{\"@id\":\"https:\/\/unshotdecom.fr\/index.php\/mentions-legales\/#breadcrumb\"},\"inLanguage\":\"fr-FR\",\"potentialAction\":[{\"@type\":\"ReadAction\",\"target\":[\"https:\/\/unshotdecom.fr\/index.php\/mentions-legales\/\"]}]},{\"@type\":\"BreadcrumbList\",\"@id\":\"https:\/\/unshotdecom.fr\/index.php\/mentions-legales\/#breadcrumb\",\"itemListElement\":[{\"@type\":\"ListItem\",\"position\":1,\"name\":\"Accueil\",\"item\":\"https:\/\/unshotdecom.fr\/\"},{\"@type\":\"ListItem\",\"position\":2,\"name\":\"Mentions l\u00e9gales\"}]},{\"@type\":\"WebSite\",\"@id\":\"https:\/\/unshotdecom.fr\/#website\",\"url\":\"https:\/\/unshotdecom.fr\/\",\"name\":\"Un Shot de Com\",\"description\":\"Un shot et \u00e7a repart !\",\"publisher\":{\"@id\":\"https:\/\/unshotdecom.fr\/#organization\"},\"potentialAction\":[{\"@type\":\"SearchAction\",\"target\":{\"@type\":\"EntryPoint\",\"urlTemplate\":\"https:\/\/unshotdecom.fr\/?s={search_term_string}\"},\"query-input\":{\"@type\":\"PropertyValueSpecification\",\"valueRequired\":true,\"valueName\":\"search_term_string\"}}],\"inLanguage\":\"fr-FR\"},{\"@type\":\"Organization\",\"@id\":\"https:\/\/unshotdecom.fr\/#organization\",\"name\":\"Un Shot de Com\",\"url\":\"https:\/\/unshotdecom.fr\/\",\"logo\":{\"@type\":\"ImageObject\",\"inLanguage\":\"fr-FR\",\"@id\":\"https:\/\/unshotdecom.fr\/#\/schema\/logo\/image\/\",\"url\":\"https:\/\/unshotdecom.fr\/wp-content\/uploads\/2021\/12\/the7-logo-004.svg\",\"contentUrl\":\"https:\/\/unshotdecom.fr\/wp-content\/uploads\/2021\/12\/the7-logo-004.svg\",\"width\":300,\"height\":50,\"caption\":\"Un Shot de Com\"},\"image\":{\"@id\":\"https:\/\/unshotdecom.fr\/#\/schema\/logo\/image\/\"}}]}<\/script>\n<!-- \/ Yoast SEO plugin. -->","yoast_head_json":{"title":"Mentions l\u00e9gales - Un Shot de Com","robots":{"index":"index","follow":"follow","max-snippet":"max-snippet:-1","max-image-preview":"max-image-preview:large","max-video-preview":"max-video-preview:-1"},"canonical":"https:\/\/unshotdecom.fr\/index.php\/mentions-legales\/","og_locale":"fr_FR","og_type":"article","og_title":"Mentions l\u00e9gales - Un Shot de Com","og_description":"Site internet : www.unshotdecom.fr Identit\u00e9 et coordonn\u00e9es&nbsp;de l\u2019organisme : Elie Conseil et Communication Mail : info@unshotdecom.fr T\u00e9l. : 06 82 97 14 12 Coordonn\u00e9es du d\u00e9l\u00e9gu\u00e9 \u00e0 la protection des donn\u00e9es : Christelle Elie &amp; Elise Peyrat 68 BD Meyniel, 47200 Marmande Donn\u00e9es personnelles r\u00e9colt\u00e9es : Trois types de donn\u00e9es \u00e0 caract\u00e8re personnel sont collect\u00e9s&hellip;","og_url":"https:\/\/unshotdecom.fr\/index.php\/mentions-legales\/","og_site_name":"Un Shot de Com","article_modified_time":"2022-10-17T13:24:13+00:00","twitter_card":"summary_large_image","twitter_misc":{"Dur\u00e9e de lecture estim\u00e9e":"4 minutes"},"schema":{"@context":"https:\/\/schema.org","@graph":[{"@type":"WebPage","@id":"https:\/\/unshotdecom.fr\/index.php\/mentions-legales\/","url":"https:\/\/unshotdecom.fr\/index.php\/mentions-legales\/","name":"Mentions l\u00e9gales - Un Shot de Com","isPartOf":{"@id":"https:\/\/unshotdecom.fr\/#website"},"datePublished":"2020-12-17T18:17:47+00:00","dateModified":"2022-10-17T13:24:13+00:00","breadcrumb":{"@id":"https:\/\/unshotdecom.fr\/index.php\/mentions-legales\/#breadcrumb"},"inLanguage":"fr-FR","potentialAction":[{"@type":"ReadAction","target":["https:\/\/unshotdecom.fr\/index.php\/mentions-legales\/"]}]},{"@type":"BreadcrumbList","@id":"https:\/\/unshotdecom.fr\/index.php\/mentions-legales\/#breadcrumb","itemListElement":[{"@type":"ListItem","position":1,"name":"Accueil","item":"https:\/\/unshotdecom.fr\/"},{"@type":"ListItem","position":2,"name":"Mentions l\u00e9gales"}]},{"@type":"WebSite","@id":"https:\/\/unshotdecom.fr\/#website","url":"https:\/\/unshotdecom.fr\/","name":"Un Shot de Com","description":"Un shot et \u00e7a repart !","publisher":{"@id":"https:\/\/unshotdecom.fr\/#organization"},"potentialAction":[{"@type":"SearchAction","target":{"@type":"EntryPoint","urlTemplate":"https:\/\/unshotdecom.fr\/?s={search_term_string}"},"query-input":{"@type":"PropertyValueSpecification","valueRequired":true,"valueName":"search_term_string"}}],"inLanguage":"fr-FR"},{"@type":"Organization","@id":"https:\/\/unshotdecom.fr\/#organization","name":"Un Shot de Com","url":"https:\/\/unshotdecom.fr\/","logo":{"@type":"ImageObject","inLanguage":"fr-FR","@id":"https:\/\/unshotdecom.fr\/#\/schema\/logo\/image\/","url":"https:\/\/unshotdecom.fr\/wp-content\/uploads\/2021\/12\/the7-logo-004.svg","contentUrl":"https:\/\/unshotdecom.fr\/wp-content\/uploads\/2021\/12\/the7-logo-004.svg","width":300,"height":50,"caption":"Un Shot de Com"},"image":{"@id":"https:\/\/unshotdecom.fr\/#\/schema\/logo\/image\/"}}]}},"_links":{"self":[{"href":"https:\/\/unshotdecom.fr\/index.php\/wp-json\/wp\/v2\/pages\/29656","targetHints":{"allow":["GET"]}}],"collection":[{"href":"https:\/\/unshotdecom.fr\/index.php\/wp-json\/wp\/v2\/pages"}],"about":[{"href":"https:\/\/unshotdecom.fr\/index.php\/wp-json\/wp\/v2\/types\/page"}],"author":[{"embeddable":true,"href":"https:\/\/unshotdecom.fr\/index.php\/wp-json\/wp\/v2\/users\/2"}],"replies":[{"embeddable":true,"href":"https:\/\/unshotdecom.fr\/index.php\/wp-json\/wp\/v2\/comments?post=29656"}],"version-history":[{"count":6,"href":"https:\/\/unshotdecom.fr\/index.php\/wp-json\/wp\/v2\/pages\/29656\/revisions"}],"predecessor-version":[{"id":78214,"href":"https:\/\/unshotdecom.fr\/index.php\/wp-json\/wp\/v2\/pages\/29656\/revisions\/78214"}],"wp:attachment":[{"href":"https:\/\/unshotdecom.fr\/index.php\/wp-json\/wp\/v2\/media?parent=29656"}],"curies":[{"name":"wp","href":"https:\/\/api.w.org\/{rel}","templated":true}]}}