{"id":7527,"date":"2020-11-04T18:52:57","date_gmt":"2020-11-04T18:52:57","guid":{"rendered":"https:\/\/the7.io\/elementor-main\/?page_id=7527"},"modified":"2022-11-21T10:18:24","modified_gmt":"2022-11-21T09:18:24","slug":"contactez-nous-un-shot-de-com","status":"publish","type":"page","link":"https:\/\/unshotdecom.fr\/index.php\/contactez-nous-un-shot-de-com\/","title":{"rendered":"Contact: standard"},"content":{"rendered":"\t\t<div data-elementor-type=\"wp-page\" data-elementor-id=\"7527\" class=\"elementor elementor-7527\" data-elementor-post-type=\"page\">\n\t\t\t\t\t\t<section class=\"elementor-section elementor-top-section elementor-element elementor-element-2c81f67 elementor-reverse-tablet elementor-reverse-mobile elementor-section-height-min-height elementor-section-boxed elementor-section-height-default elementor-section-items-middle\" data-id=\"2c81f67\" data-element_type=\"section\" data-settings=\"{&quot;background_background&quot;:&quot;classic&quot;,&quot;shape_divider_bottom&quot;:&quot;waves&quot;}\">\n\t\t\t\t\t<div class=\"elementor-shape elementor-shape-bottom\" aria-hidden=\"true\" data-negative=\"false\">\n\t\t\t<svg xmlns=\"http:\/\/www.w3.org\/2000\/svg\" viewBox=\"0 0 1000 100\" preserveAspectRatio=\"none\">\n\t<path class=\"elementor-shape-fill\" d=\"M421.9,6.5c22.6-2.5,51.5,0.4,75.5,5.3c23.6,4.9,70.9,23.5,100.5,35.7c75.8,32.2,133.7,44.5,192.6,49.7\n\tc23.6,2.1,48.7,3.5,103.4-2.5c54.7-6,106.2-25.6,106.2-25.6V0H0v30.3c0,0,72,32.6,158.4,30.5c39.2-0.7,92.8-6.7,134-22.4\n\tc21.2-8.1,52.2-18.2,79.7-24.2C399.3,7.9,411.6,7.5,421.9,6.5z\"\/>\n<\/svg>\t\t<\/div>\n\t\t\t\t\t<div class=\"elementor-container elementor-column-gap-wider\">\n\t\t\t\t\t<div class=\"elementor-column elementor-col-100 elementor-top-column elementor-element elementor-element-ccdaa0a\" data-id=\"ccdaa0a\" data-element_type=\"column\">\n\t\t\t<div class=\"elementor-widget-wrap elementor-element-populated\">\n\t\t\t\t\t\t<div class=\"elementor-element elementor-element-ff0dca3 elementor-widget elementor-widget-heading\" data-id=\"ff0dca3\" data-element_type=\"widget\" data-widget_type=\"heading.default\">\n\t\t\t\t<div class=\"elementor-widget-container\">\n\t\t\t\t\t<h2 class=\"elementor-heading-title elementor-size-default\">Contact<\/h2>\t\t\t\t<\/div>\n\t\t\t\t<\/div>\n\t\t\t\t\t<\/div>\n\t\t<\/div>\n\t\t\t\t\t<\/div>\n\t\t<\/section>\n\t\t\t\t<section class=\"elementor-section elementor-top-section elementor-element elementor-element-11c04be elementor-reverse-mobile elementor-section-boxed elementor-section-height-default elementor-section-height-default\" data-id=\"11c04be\" data-element_type=\"section\">\n\t\t\t\t\t\t<div class=\"elementor-container elementor-column-gap-wider\">\n\t\t\t\t\t<div class=\"elementor-column elementor-col-66 elementor-top-column elementor-element elementor-element-d19741b\" data-id=\"d19741b\" data-element_type=\"column\">\n\t\t\t<div class=\"elementor-widget-wrap elementor-element-populated\">\n\t\t\t\t\t\t<div class=\"elementor-element elementor-element-6157d3a elementor-widget elementor-widget-heading\" data-id=\"6157d3a\" data-element_type=\"widget\" data-widget_type=\"heading.default\">\n\t\t\t\t<div class=\"elementor-widget-container\">\n\t\t\t\t\t<h4 class=\"elementor-heading-title elementor-size-default\">Vous ne trouvez pas r\u00e9ponse \u00e0 votre question ?<\/h4>\t\t\t\t<\/div>\n\t\t\t\t<\/div>\n\t\t\t\t<div class=\"elementor-element elementor-element-b6b9793 elementor-widget elementor-widget-heading\" data-id=\"b6b9793\" data-element_type=\"widget\" data-widget_type=\"heading.default\">\n\t\t\t\t<div class=\"elementor-widget-container\">\n\t\t\t\t\t<h4 class=\"elementor-heading-title elementor-size-default\">Contactez notre \u00e9quipe !<\/h4>\t\t\t\t<\/div>\n\t\t\t\t<\/div>\n\t\t\t\t<div class=\"elementor-element elementor-element-f967af9 elementor-widget elementor-widget-spacer\" data-id=\"f967af9\" data-element_type=\"widget\" data-widget_type=\"spacer.default\">\n\t\t\t\t<div class=\"elementor-widget-container\">\n\t\t\t\t\t\t\t<div class=\"elementor-spacer\">\n\t\t\t<div class=\"elementor-spacer-inner\"><\/div>\n\t\t<\/div>\n\t\t\t\t\t\t<\/div>\n\t\t\t\t<\/div>\n\t\t\t\t<div class=\"elementor-element elementor-element-41b723a elementor-button-align-stretch elementor-widget elementor-widget-form\" data-id=\"41b723a\" data-element_type=\"widget\" data-settings=\"{&quot;step_next_label&quot;:&quot;Next&quot;,&quot;step_previous_label&quot;:&quot;Previous&quot;,&quot;button_width&quot;:&quot;100&quot;,&quot;step_type&quot;:&quot;number_text&quot;,&quot;step_icon_shape&quot;:&quot;circle&quot;}\" data-widget_type=\"form.default\">\n\t\t\t\t<div class=\"elementor-widget-container\">\n\t\t\t\t\t\t\t<form class=\"elementor-form\" method=\"post\" name=\"New Form\">\n\t\t\t<input type=\"hidden\" name=\"post_id\" value=\"7527\"\/>\n\t\t\t<input type=\"hidden\" name=\"form_id\" value=\"41b723a\"\/>\n\t\t\t<input type=\"hidden\" name=\"referer_title\" value=\"Contactez-nous ! L&#039;\u00e9quipe d&#039;un Shot de Com est \u00e0 votre \u00e9coute\" \/>\n\n\t\t\t\t\t\t\t<input type=\"hidden\" name=\"queried_id\" value=\"7527\"\/>\n\t\t\t\n\t\t\t<div class=\"elementor-form-fields-wrapper elementor-labels-\">\n\t\t\t\t\t\t\t\t<div class=\"elementor-field-type-text elementor-field-group elementor-column elementor-field-group-name elementor-col-50 elementor-md-100 elementor-field-required\">\n\t\t\t\t\t\t\t\t\t\t\t\t<label for=\"form-field-name\" class=\"elementor-field-label elementor-screen-only\">\n\t\t\t\t\t\t\t\tPr\u00e9nom + nom\t\t\t\t\t\t\t<\/label>\n\t\t\t\t\t\t\t\t\t\t\t\t\t\t<input size=\"1\" type=\"text\" name=\"form_fields[name]\" id=\"form-field-name\" class=\"elementor-field elementor-size-lg  elementor-field-textual\" placeholder=\"Pr\u00e9nom + nom\" required=\"required\">\n\t\t\t\t\t\t\t\t\t\t\t<\/div>\n\t\t\t\t\t\t\t\t<div class=\"elementor-field-type-email elementor-field-group elementor-column elementor-field-group-email elementor-col-50 elementor-md-100 elementor-field-required\">\n\t\t\t\t\t\t\t\t\t\t\t\t<label for=\"form-field-email\" class=\"elementor-field-label elementor-screen-only\">\n\t\t\t\t\t\t\t\tEmail\t\t\t\t\t\t\t<\/label>\n\t\t\t\t\t\t\t\t\t\t\t\t\t\t<input size=\"1\" type=\"email\" name=\"form_fields[email]\" id=\"form-field-email\" class=\"elementor-field elementor-size-lg  elementor-field-textual\" placeholder=\"Email\" required=\"required\">\n\t\t\t\t\t\t\t\t\t\t\t<\/div>\n\t\t\t\t\t\t\t\t<div class=\"elementor-field-type-select elementor-field-group elementor-column elementor-field-group-field_1c6183d elementor-col-100\">\n\t\t\t\t\t\t\t\t\t\t\t\t<label for=\"form-field-field_1c6183d\" class=\"elementor-field-label elementor-screen-only\">\n\t\t\t\t\t\t\t\tVotre demande concerne :\t\t\t\t\t\t\t<\/label>\n\t\t\t\t\t\t\t\t<div class=\"elementor-field elementor-select-wrapper remove-before \">\n\t\t\t<div class=\"select-caret-down-wrapper\">\n\t\t\t\t<i aria-hidden=\"true\" class=\"eicon-caret-down\"><\/i>\t\t\t<\/div>\n\t\t\t<select name=\"form_fields[field_1c6183d]\" id=\"form-field-field_1c6183d\" class=\"elementor-field-textual elementor-size-lg\">\n\t\t\t\t\t\t\t\t\t<option value=\"Je veux faire appel \u00e0 votre agence de com\">Je veux faire appel \u00e0 votre agence de com<\/option>\n\t\t\t\t\t\t\t\t\t<option value=\"J&#039;ai un doute sur ma demande de shot\">J&#039;ai un doute sur ma demande de shot<\/option>\n\t\t\t\t\t\t\t\t\t<option value=\"Je veux rejoindre votre \u00e9quipe \">Je veux rejoindre votre \u00e9quipe <\/option>\n\t\t\t\t\t\t\t\t\t<option value=\"Autre\">Autre<\/option>\n\t\t\t\t\t\t\t<\/select>\n\t\t<\/div>\n\t\t\t\t\t\t<\/div>\n\t\t\t\t\t\t\t\t<div class=\"elementor-field-type-textarea elementor-field-group elementor-column elementor-field-group-message elementor-col-100 elementor-field-required\">\n\t\t\t\t\t\t\t\t\t\t\t\t<label for=\"form-field-message\" class=\"elementor-field-label elementor-screen-only\">\n\t\t\t\t\t\t\t\tMessage\t\t\t\t\t\t\t<\/label>\n\t\t\t\t\t\t<textarea class=\"elementor-field-textual elementor-field  elementor-size-lg\" name=\"form_fields[message]\" id=\"form-field-message\" rows=\"6\" placeholder=\"Message\" required=\"required\"><\/textarea>\t\t\t\t<\/div>\n\t\t\t\t\t\t\t\t<div class=\"elementor-field-type-acceptance elementor-field-group elementor-column elementor-field-group-field_f91be55 elementor-col-100 elementor-field-required\">\n\t\t\t\t\t\t\t<div class=\"elementor-field-subgroup\">\n\t\t\t<span class=\"elementor-field-option\">\n\t\t\t\t<input type=\"checkbox\" name=\"form_fields[field_f91be55]\" id=\"form-field-field_f91be55\" class=\"elementor-field elementor-size-lg  elementor-acceptance-field\" required=\"required\">\n\t\t\t\t<label for=\"form-field-field_f91be55\">J'accepte et j'ai lu les mentions l\u00e9gales de votre site.<\/label>\t\t\t<\/span>\n\t\t<\/div>\n\t\t\t\t\t\t<\/div>\n\t\t\t\t\t\t\t\t<div class=\"elementor-field-type-recaptcha_v3 elementor-field-group elementor-column elementor-field-group-field_f98f7b4 elementor-col-100 recaptcha_v3-bottomright\">\n\t\t\t\t\t<div class=\"elementor-field\" id=\"form-field-field_f98f7b4\"><div class=\"elementor-g-recaptcha\" data-sitekey=\"6LdN9SEjAAAAAFI823XYpA0EJcwjFYXY9aUiGj0c\" data-type=\"v3\" data-action=\"Form\" data-badge=\"bottomright\" data-size=\"invisible\"><\/div><\/div>\t\t\t\t<\/div>\n\t\t\t\t\t\t\t\t<div class=\"elementor-field-group elementor-column elementor-field-type-submit elementor-col-100 e-form__buttons\">\n\t\t\t\t\t<button class=\"elementor-button elementor-size-lg\" type=\"submit\">\n\t\t\t\t\t\t<span class=\"elementor-button-content-wrapper\">\n\t\t\t\t\t\t\t\t\t\t\t\t\t\t\t\t\t\t\t\t\t\t<span class=\"elementor-button-text\">Envoyer<\/span>\n\t\t\t\t\t\t\t\t\t\t\t\t\t<\/span>\n\t\t\t\t\t<\/button>\n\t\t\t\t<\/div>\n\t\t\t<\/div>\n\t\t<\/form>\n\t\t\t\t\t\t<\/div>\n\t\t\t\t<\/div>\n\t\t\t\t\t<\/div>\n\t\t<\/div>\n\t\t\t\t<div class=\"elementor-column elementor-col-33 elementor-top-column elementor-element elementor-element-b5655f3\" data-id=\"b5655f3\" data-element_type=\"column\">\n\t\t\t<div class=\"elementor-widget-wrap elementor-element-populated\">\n\t\t\t\t\t\t<div class=\"elementor-element elementor-element-1a508f6 icon-vertical-align-mobile-center content-align-left icon-box-vertical-align-top icon-position-left icon-vertical-align-start elementor-widget elementor-widget-the7_icon_box_widget\" data-id=\"1a508f6\" data-element_type=\"widget\" data-widget_type=\"the7_icon_box_widget.default\">\n\t\t\t\t<div class=\"elementor-widget-container\">\n\t\t\t\t\t\n\t\t<div class=\"the7-box-wrapper the7-elementor-widget the7_icon_box_widget-1a508f6\">\t\t\t<div class=\"box-content-wrapper\">\n\t\t\t\t\t\t\t\t\t<a class=\"elementor-icon-div\" href=\"mailto:info@unshotdecom.fr\">\t\t\t\t\t\t<div class=\"elementor-icon\">\n\t\t\t\t\t\t\t<i aria-hidden=\"true\" class=\" icomoon-the7-font-the7-mail-05\"><\/i>\t\t\t\t\t\t<\/div>\n\t\t\t\t\t<\/a>\t\t\t\t\t\t\t\t<div class=\"box-content\">\n\t\t\t\t\t\t\t\t\t\t\t\t\t\t\t\t\t<h4 class=\"box-heading\">\n\t\t\t\t\t\t\t<a href=\"mailto:info@unshotdecom.fr\">\t\t\t\t\t\t\t\tPour toutes demandes directes \t\t\t\t\t\t\t<\/a>\t\t\t\t\t\t<\/h4>\n\t\t\t\t\t\t\t\t\t\t\t\t\t\t\t\t<div class=\"box-description\">Envoyez- nous un mail<\/div>\n\t\t\t\t\t\n\t\t\t\t\t\n\t\t\t\t<\/div>\n\t\t\t<\/div>\n\t\t<\/div>\t\t\t\t\t<\/div>\n\t\t\t\t<\/div>\n\t\t\t\t<div class=\"elementor-element elementor-element-fb37253 elementor-widget elementor-widget-spacer\" data-id=\"fb37253\" data-element_type=\"widget\" data-widget_type=\"spacer.default\">\n\t\t\t\t<div class=\"elementor-widget-container\">\n\t\t\t\t\t\t\t<div class=\"elementor-spacer\">\n\t\t\t<div class=\"elementor-spacer-inner\"><\/div>\n\t\t<\/div>\n\t\t\t\t\t\t<\/div>\n\t\t\t\t<\/div>\n\t\t\t\t<div class=\"elementor-element elementor-element-2320b88 elementor-widget elementor-widget-heading\" data-id=\"2320b88\" data-element_type=\"widget\" data-widget_type=\"heading.default\">\n\t\t\t\t<div class=\"elementor-widget-container\">\n\t\t\t\t\t<h4 class=\"elementor-heading-title elementor-size-default\">Passez nous faire un coucou !<\/h4>\t\t\t\t<\/div>\n\t\t\t\t<\/div>\n\t\t\t\t<div class=\"elementor-element elementor-element-5f75e30 elementor-widget elementor-widget-heading\" data-id=\"5f75e30\" data-element_type=\"widget\" data-widget_type=\"heading.default\">\n\t\t\t\t<div class=\"elementor-widget-container\">\n\t\t\t\t\t<h4 class=\"elementor-heading-title elementor-size-default\">(Il se peut que l'on vous offre l'ap\u00e9ro... avec mod\u00e9ration pour ces shots ci ;))<\/h4>\t\t\t\t<\/div>\n\t\t\t\t<\/div>\n\t\t\t\t<div class=\"elementor-element elementor-element-4a6e818 elementor-widget elementor-widget-spacer\" data-id=\"4a6e818\" data-element_type=\"widget\" data-widget_type=\"spacer.default\">\n\t\t\t\t<div class=\"elementor-widget-container\">\n\t\t\t\t\t\t\t<div class=\"elementor-spacer\">\n\t\t\t<div class=\"elementor-spacer-inner\"><\/div>\n\t\t<\/div>\n\t\t\t\t\t\t<\/div>\n\t\t\t\t<\/div>\n\t\t\t\t<div class=\"elementor-element elementor-element-ecd1f99 elementor-widget elementor-widget-text-editor\" data-id=\"ecd1f99\" data-element_type=\"widget\" data-widget_type=\"text-editor.default\">\n\t\t\t\t<div class=\"elementor-widget-container\">\n\t\t\t\t\t\t\t\t\t<p>Elie Conseil et Communication<\/p><p>68 bd Meyniel, 47200 Marmande<\/p>\t\t\t\t\t\t\t\t<\/div>\n\t\t\t\t<\/div>\n\t\t\t\t<div class=\"elementor-element elementor-element-99553dc elementor-widget elementor-widget-spacer\" data-id=\"99553dc\" data-element_type=\"widget\" data-widget_type=\"spacer.default\">\n\t\t\t\t<div class=\"elementor-widget-container\">\n\t\t\t\t\t\t\t<div class=\"elementor-spacer\">\n\t\t\t<div class=\"elementor-spacer-inner\"><\/div>\n\t\t<\/div>\n\t\t\t\t\t\t<\/div>\n\t\t\t\t<\/div>\n\t\t\t\t<div class=\"elementor-element elementor-element-6338d5a elementor-widget elementor-widget-spacer\" data-id=\"6338d5a\" data-element_type=\"widget\" data-widget_type=\"spacer.default\">\n\t\t\t\t<div class=\"elementor-widget-container\">\n\t\t\t\t\t\t\t<div class=\"elementor-spacer\">\n\t\t\t<div class=\"elementor-spacer-inner\"><\/div>\n\t\t<\/div>\n\t\t\t\t\t\t<\/div>\n\t\t\t\t<\/div>\n\t\t\t\t\t<\/div>\n\t\t<\/div>\n\t\t\t\t\t<\/div>\n\t\t<\/section>\n\t\t\t\t<\/div>\n\t\t","protected":false},"excerpt":{"rendered":"<p>Contact Vous ne trouvez pas r\u00e9ponse \u00e0 votre question ? Contactez notre \u00e9quipe ! Pour toutes demandes directes Envoyez- nous un mail Passez nous faire un coucou ! (Il se peut que l&rsquo;on vous offre l&rsquo;ap\u00e9ro&#8230; avec mod\u00e9ration pour ces shots ci ;)) Elie Conseil et Communication 68 bd Meyniel, 47200 Marmande<\/p>\n","protected":false},"author":2,"featured_media":0,"parent":0,"menu_order":271,"comment_status":"closed","ping_status":"closed","template":"elementor_header_footer","meta":{"om_disable_all_campaigns":false,"_monsterinsights_skip_tracking":false,"_monsterinsights_sitenote_active":false,"_monsterinsights_sitenote_note":"","_monsterinsights_sitenote_category":0,"footnotes":""},"class_list":["post-7527","page","type-page","status-publish","hentry"],"yoast_head":"<!-- This site is optimized with the Yoast SEO plugin v24.6 - https:\/\/yoast.com\/wordpress\/plugins\/seo\/ -->\n<title>Contactez-nous ! L&#039;\u00e9quipe d&#039;un Shot de Com est \u00e0 votre \u00e9coute<\/title>\n<meta name=\"description\" content=\"Contactez-nous ! Nous sommes \u00e0 l&#039;\u00e9coute de vos besoins, remarques et questions. N&#039;h\u00e9sitez pas \u00e0 nous contacter !\" \/>\n<meta name=\"robots\" content=\"index, follow, max-snippet:-1, max-image-preview:large, max-video-preview:-1\" \/>\n<link rel=\"canonical\" href=\"https:\/\/unshotdecom.fr\/index.php\/contactez-nous-un-shot-de-com\/\" \/>\n<meta property=\"og:locale\" content=\"fr_FR\" \/>\n<meta property=\"og:type\" content=\"article\" \/>\n<meta property=\"og:title\" content=\"Contactez-nous ! L&#039;\u00e9quipe d&#039;un Shot de Com est \u00e0 votre \u00e9coute\" \/>\n<meta property=\"og:description\" content=\"Contactez-nous ! Nous sommes \u00e0 l&#039;\u00e9coute de vos besoins, remarques et questions. N&#039;h\u00e9sitez pas \u00e0 nous contacter !\" \/>\n<meta property=\"og:url\" content=\"https:\/\/unshotdecom.fr\/index.php\/contactez-nous-un-shot-de-com\/\" \/>\n<meta property=\"og:site_name\" content=\"Un Shot de Com\" \/>\n<meta property=\"article:modified_time\" content=\"2022-11-21T09:18:24+00:00\" \/>\n<meta name=\"twitter:card\" content=\"summary_large_image\" \/>\n<meta name=\"twitter:label1\" content=\"Dur\u00e9e de lecture estim\u00e9e\" \/>\n\t<meta name=\"twitter:data1\" content=\"1 minute\" \/>\n<script type=\"application\/ld+json\" class=\"yoast-schema-graph\">{\"@context\":\"https:\/\/schema.org\",\"@graph\":[{\"@type\":\"WebPage\",\"@id\":\"https:\/\/unshotdecom.fr\/index.php\/contactez-nous-un-shot-de-com\/\",\"url\":\"https:\/\/unshotdecom.fr\/index.php\/contactez-nous-un-shot-de-com\/\",\"name\":\"Contactez-nous ! L'\u00e9quipe d'un Shot de Com est \u00e0 votre \u00e9coute\",\"isPartOf\":{\"@id\":\"https:\/\/unshotdecom.fr\/#website\"},\"datePublished\":\"2020-11-04T18:52:57+00:00\",\"dateModified\":\"2022-11-21T09:18:24+00:00\",\"description\":\"Contactez-nous ! Nous sommes \u00e0 l'\u00e9coute de vos besoins, remarques et questions. N'h\u00e9sitez pas \u00e0 nous contacter !\",\"breadcrumb\":{\"@id\":\"https:\/\/unshotdecom.fr\/index.php\/contactez-nous-un-shot-de-com\/#breadcrumb\"},\"inLanguage\":\"fr-FR\",\"potentialAction\":[{\"@type\":\"ReadAction\",\"target\":[\"https:\/\/unshotdecom.fr\/index.php\/contactez-nous-un-shot-de-com\/\"]}]},{\"@type\":\"BreadcrumbList\",\"@id\":\"https:\/\/unshotdecom.fr\/index.php\/contactez-nous-un-shot-de-com\/#breadcrumb\",\"itemListElement\":[{\"@type\":\"ListItem\",\"position\":1,\"name\":\"Accueil\",\"item\":\"https:\/\/unshotdecom.fr\/\"},{\"@type\":\"ListItem\",\"position\":2,\"name\":\"Contact: standard\"}]},{\"@type\":\"WebSite\",\"@id\":\"https:\/\/unshotdecom.fr\/#website\",\"url\":\"https:\/\/unshotdecom.fr\/\",\"name\":\"Un Shot de Com\",\"description\":\"Un shot et \u00e7a repart !\",\"publisher\":{\"@id\":\"https:\/\/unshotdecom.fr\/#organization\"},\"potentialAction\":[{\"@type\":\"SearchAction\",\"target\":{\"@type\":\"EntryPoint\",\"urlTemplate\":\"https:\/\/unshotdecom.fr\/?s={search_term_string}\"},\"query-input\":{\"@type\":\"PropertyValueSpecification\",\"valueRequired\":true,\"valueName\":\"search_term_string\"}}],\"inLanguage\":\"fr-FR\"},{\"@type\":\"Organization\",\"@id\":\"https:\/\/unshotdecom.fr\/#organization\",\"name\":\"Un Shot de Com\",\"url\":\"https:\/\/unshotdecom.fr\/\",\"logo\":{\"@type\":\"ImageObject\",\"inLanguage\":\"fr-FR\",\"@id\":\"https:\/\/unshotdecom.fr\/#\/schema\/logo\/image\/\",\"url\":\"https:\/\/unshotdecom.fr\/wp-content\/uploads\/2021\/12\/the7-logo-004.svg\",\"contentUrl\":\"https:\/\/unshotdecom.fr\/wp-content\/uploads\/2021\/12\/the7-logo-004.svg\",\"width\":300,\"height\":50,\"caption\":\"Un Shot de Com\"},\"image\":{\"@id\":\"https:\/\/unshotdecom.fr\/#\/schema\/logo\/image\/\"}}]}<\/script>\n<!-- \/ Yoast SEO plugin. -->","yoast_head_json":{"title":"Contactez-nous ! L'\u00e9quipe d'un Shot de Com est \u00e0 votre \u00e9coute","description":"Contactez-nous ! Nous sommes \u00e0 l'\u00e9coute de vos besoins, remarques et questions. N'h\u00e9sitez pas \u00e0 nous contacter !","robots":{"index":"index","follow":"follow","max-snippet":"max-snippet:-1","max-image-preview":"max-image-preview:large","max-video-preview":"max-video-preview:-1"},"canonical":"https:\/\/unshotdecom.fr\/index.php\/contactez-nous-un-shot-de-com\/","og_locale":"fr_FR","og_type":"article","og_title":"Contactez-nous ! L'\u00e9quipe d'un Shot de Com est \u00e0 votre \u00e9coute","og_description":"Contactez-nous ! Nous sommes \u00e0 l'\u00e9coute de vos besoins, remarques et questions. N'h\u00e9sitez pas \u00e0 nous contacter !","og_url":"https:\/\/unshotdecom.fr\/index.php\/contactez-nous-un-shot-de-com\/","og_site_name":"Un Shot de Com","article_modified_time":"2022-11-21T09:18:24+00:00","twitter_card":"summary_large_image","twitter_misc":{"Dur\u00e9e de lecture estim\u00e9e":"1 minute"},"schema":{"@context":"https:\/\/schema.org","@graph":[{"@type":"WebPage","@id":"https:\/\/unshotdecom.fr\/index.php\/contactez-nous-un-shot-de-com\/","url":"https:\/\/unshotdecom.fr\/index.php\/contactez-nous-un-shot-de-com\/","name":"Contactez-nous ! L'\u00e9quipe d'un Shot de Com est \u00e0 votre \u00e9coute","isPartOf":{"@id":"https:\/\/unshotdecom.fr\/#website"},"datePublished":"2020-11-04T18:52:57+00:00","dateModified":"2022-11-21T09:18:24+00:00","description":"Contactez-nous ! Nous sommes \u00e0 l'\u00e9coute de vos besoins, remarques et questions. N'h\u00e9sitez pas \u00e0 nous contacter !","breadcrumb":{"@id":"https:\/\/unshotdecom.fr\/index.php\/contactez-nous-un-shot-de-com\/#breadcrumb"},"inLanguage":"fr-FR","potentialAction":[{"@type":"ReadAction","target":["https:\/\/unshotdecom.fr\/index.php\/contactez-nous-un-shot-de-com\/"]}]},{"@type":"BreadcrumbList","@id":"https:\/\/unshotdecom.fr\/index.php\/contactez-nous-un-shot-de-com\/#breadcrumb","itemListElement":[{"@type":"ListItem","position":1,"name":"Accueil","item":"https:\/\/unshotdecom.fr\/"},{"@type":"ListItem","position":2,"name":"Contact: standard"}]},{"@type":"WebSite","@id":"https:\/\/unshotdecom.fr\/#website","url":"https:\/\/unshotdecom.fr\/","name":"Un Shot de Com","description":"Un shot et \u00e7a repart !","publisher":{"@id":"https:\/\/unshotdecom.fr\/#organization"},"potentialAction":[{"@type":"SearchAction","target":{"@type":"EntryPoint","urlTemplate":"https:\/\/unshotdecom.fr\/?s={search_term_string}"},"query-input":{"@type":"PropertyValueSpecification","valueRequired":true,"valueName":"search_term_string"}}],"inLanguage":"fr-FR"},{"@type":"Organization","@id":"https:\/\/unshotdecom.fr\/#organization","name":"Un Shot de Com","url":"https:\/\/unshotdecom.fr\/","logo":{"@type":"ImageObject","inLanguage":"fr-FR","@id":"https:\/\/unshotdecom.fr\/#\/schema\/logo\/image\/","url":"https:\/\/unshotdecom.fr\/wp-content\/uploads\/2021\/12\/the7-logo-004.svg","contentUrl":"https:\/\/unshotdecom.fr\/wp-content\/uploads\/2021\/12\/the7-logo-004.svg","width":300,"height":50,"caption":"Un Shot de Com"},"image":{"@id":"https:\/\/unshotdecom.fr\/#\/schema\/logo\/image\/"}}]}},"_links":{"self":[{"href":"https:\/\/unshotdecom.fr\/index.php\/wp-json\/wp\/v2\/pages\/7527","targetHints":{"allow":["GET"]}}],"collection":[{"href":"https:\/\/unshotdecom.fr\/index.php\/wp-json\/wp\/v2\/pages"}],"about":[{"href":"https:\/\/unshotdecom.fr\/index.php\/wp-json\/wp\/v2\/types\/page"}],"author":[{"embeddable":true,"href":"https:\/\/unshotdecom.fr\/index.php\/wp-json\/wp\/v2\/users\/2"}],"replies":[{"embeddable":true,"href":"https:\/\/unshotdecom.fr\/index.php\/wp-json\/wp\/v2\/comments?post=7527"}],"version-history":[{"count":23,"href":"https:\/\/unshotdecom.fr\/index.php\/wp-json\/wp\/v2\/pages\/7527\/revisions"}],"predecessor-version":[{"id":78502,"href":"https:\/\/unshotdecom.fr\/index.php\/wp-json\/wp\/v2\/pages\/7527\/revisions\/78502"}],"wp:attachment":[{"href":"https:\/\/unshotdecom.fr\/index.php\/wp-json\/wp\/v2\/media?parent=7527"}],"curies":[{"name":"wp","href":"https:\/\/api.w.org\/{rel}","templated":true}]}}