{"id":77981,"date":"2022-10-07T14:21:16","date_gmt":"2022-10-07T12:21:16","guid":{"rendered":"https:\/\/unshotdecom.fr\/?page_id=77981"},"modified":"2022-10-10T10:12:13","modified_gmt":"2022-10-10T08:12:13","slug":"faq","status":"publish","type":"page","link":"https:\/\/unshotdecom.fr\/index.php\/faq\/","title":{"rendered":"FAQ"},"content":{"rendered":"\t\t<div data-elementor-type=\"wp-page\" data-elementor-id=\"77981\" class=\"elementor elementor-77981\" data-elementor-post-type=\"page\">\n\t\t\t\t\t\t<section class=\"elementor-section elementor-top-section elementor-element elementor-element-162e116 elementor-section-full_width elementor-section-height-default elementor-section-height-default\" data-id=\"162e116\" data-element_type=\"section\" data-settings=\"{&quot;background_background&quot;:&quot;classic&quot;}\">\n\t\t\t\t\t\t<div class=\"elementor-container elementor-column-gap-default\">\n\t\t\t\t\t<div class=\"elementor-column elementor-col-33 elementor-top-column elementor-element elementor-element-f34a75f\" data-id=\"f34a75f\" data-element_type=\"column\" data-settings=\"{&quot;background_background&quot;:&quot;classic&quot;}\">\n\t\t\t<div class=\"elementor-widget-wrap elementor-element-populated\">\n\t\t\t\t\t\t<div class=\"elementor-element elementor-element-899c7cd elementor-widget elementor-widget-heading\" data-id=\"899c7cd\" data-element_type=\"widget\" data-widget_type=\"heading.default\">\n\t\t\t\t<div class=\"elementor-widget-container\">\n\t\t\t\t\t<h2 class=\"elementor-heading-title elementor-size-default\">FOIRE<\/h2>\t\t\t\t<\/div>\n\t\t\t\t<\/div>\n\t\t\t\t\t<\/div>\n\t\t<\/div>\n\t\t\t\t<div class=\"elementor-column elementor-col-33 elementor-top-column elementor-element elementor-element-cecd976\" data-id=\"cecd976\" data-element_type=\"column\" data-settings=\"{&quot;background_background&quot;:&quot;classic&quot;}\">\n\t\t\t<div class=\"elementor-widget-wrap elementor-element-populated\">\n\t\t\t\t\t\t<div class=\"elementor-element elementor-element-930ef9a elementor-widget elementor-widget-heading\" data-id=\"930ef9a\" data-element_type=\"widget\" data-widget_type=\"heading.default\">\n\t\t\t\t<div class=\"elementor-widget-container\">\n\t\t\t\t\t<h2 class=\"elementor-heading-title elementor-size-default\">AUX<\/h2>\t\t\t\t<\/div>\n\t\t\t\t<\/div>\n\t\t\t\t\t<\/div>\n\t\t<\/div>\n\t\t\t\t<div class=\"elementor-column elementor-col-33 elementor-top-column elementor-element elementor-element-3b73ccc\" data-id=\"3b73ccc\" data-element_type=\"column\" data-settings=\"{&quot;background_background&quot;:&quot;classic&quot;}\">\n\t\t\t<div class=\"elementor-widget-wrap elementor-element-populated\">\n\t\t\t\t\t\t<div class=\"elementor-element elementor-element-dd4430e elementor-widget elementor-widget-heading\" data-id=\"dd4430e\" data-element_type=\"widget\" data-widget_type=\"heading.default\">\n\t\t\t\t<div class=\"elementor-widget-container\">\n\t\t\t\t\t<h2 class=\"elementor-heading-title elementor-size-default\">questions<\/h2>\t\t\t\t<\/div>\n\t\t\t\t<\/div>\n\t\t\t\t\t<\/div>\n\t\t<\/div>\n\t\t\t\t\t<\/div>\n\t\t<\/section>\n\t\t\t\t<section class=\"elementor-section elementor-top-section elementor-element elementor-element-93a68dd elementor-section-boxed elementor-section-height-default elementor-section-height-default\" data-id=\"93a68dd\" data-element_type=\"section\">\n\t\t\t\t\t\t<div class=\"elementor-container elementor-column-gap-default\">\n\t\t\t\t\t<div class=\"elementor-column elementor-col-100 elementor-top-column elementor-element elementor-element-ab56c1a\" data-id=\"ab56c1a\" data-element_type=\"column\">\n\t\t\t<div class=\"elementor-widget-wrap elementor-element-populated\">\n\t\t\t\t\t\t<section class=\"elementor-section elementor-inner-section elementor-element elementor-element-bc36dbf elementor-section-boxed elementor-section-height-default elementor-section-height-default\" data-id=\"bc36dbf\" data-element_type=\"section\">\n\t\t\t\t\t\t<div class=\"elementor-container elementor-column-gap-default\">\n\t\t\t\t\t<div class=\"elementor-column elementor-col-100 elementor-inner-column elementor-element elementor-element-6b1f30f\" data-id=\"6b1f30f\" data-element_type=\"column\">\n\t\t\t<div class=\"elementor-widget-wrap elementor-element-populated\">\n\t\t\t\t\t\t<div class=\"elementor-element elementor-element-219226f elementor-widget elementor-widget-spacer\" data-id=\"219226f\" data-element_type=\"widget\" data-widget_type=\"spacer.default\">\n\t\t\t\t<div class=\"elementor-widget-container\">\n\t\t\t\t\t\t\t<div class=\"elementor-spacer\">\n\t\t\t<div class=\"elementor-spacer-inner\"><\/div>\n\t\t<\/div>\n\t\t\t\t\t\t<\/div>\n\t\t\t\t<\/div>\n\t\t\t\t<div class=\"elementor-element elementor-element-36932bc elementor-widget elementor-widget-heading\" data-id=\"36932bc\" data-element_type=\"widget\" data-widget_type=\"heading.default\">\n\t\t\t\t<div class=\"elementor-widget-container\">\n\t\t\t\t\t<h2 class=\"elementor-heading-title elementor-size-default\">Retrouvez ici toutes les r\u00e9ponses \u00e0 vos questions ! <\/h2>\t\t\t\t<\/div>\n\t\t\t\t<\/div>\n\t\t\t\t<div class=\"elementor-element elementor-element-d8bdf1a elementor-widget elementor-widget-spacer\" data-id=\"d8bdf1a\" data-element_type=\"widget\" data-widget_type=\"spacer.default\">\n\t\t\t\t<div class=\"elementor-widget-container\">\n\t\t\t\t\t\t\t<div class=\"elementor-spacer\">\n\t\t\t<div class=\"elementor-spacer-inner\"><\/div>\n\t\t<\/div>\n\t\t\t\t\t\t<\/div>\n\t\t\t\t<\/div>\n\t\t\t\t<div class=\"elementor-element elementor-element-727fd6c elementor-widget elementor-widget-toggle\" data-id=\"727fd6c\" data-element_type=\"widget\" data-widget_type=\"toggle.default\">\n\t\t\t\t<div class=\"elementor-widget-container\">\n\t\t\t\t\t\t\t<div class=\"elementor-toggle\">\n\t\t\t\t\t\t\t<div class=\"elementor-toggle-item\">\n\t\t\t\t\t<div id=\"elementor-tab-title-1201\" class=\"elementor-tab-title\" data-tab=\"1\" role=\"button\" aria-controls=\"elementor-tab-content-1201\" aria-expanded=\"false\">\n\t\t\t\t\t\t\t\t\t\t\t\t<span class=\"elementor-toggle-icon elementor-toggle-icon-left\" aria-hidden=\"true\">\n\t\t\t\t\t\t\t\t\t\t\t\t\t\t\t<span class=\"elementor-toggle-icon-closed\"><i class=\"fas fa-caret-right\"><\/i><\/span>\n\t\t\t\t\t\t\t\t<span class=\"elementor-toggle-icon-opened\"><i class=\"elementor-toggle-icon-opened fas fa-caret-up\"><\/i><\/span>\n\t\t\t\t\t\t\t\t\t\t\t\t\t<\/span>\n\t\t\t\t\t\t\t\t\t\t\t\t<a class=\"elementor-toggle-title\" tabindex=\"0\">\u00c0 qui est destin\u00e9 un shot de com ?<\/a>\n\t\t\t\t\t<\/div>\n\n\t\t\t\t\t<div id=\"elementor-tab-content-1201\" class=\"elementor-tab-content elementor-clearfix\" data-tab=\"1\" role=\"region\" aria-labelledby=\"elementor-tab-title-1201\"><p>Un shot de com est destin\u00e9 \u00e0 toute personne ayant une probl\u00e9matique li\u00e9e \u00e0 la communication d&rsquo;une entreprise. Que vous soyez un.e entrepreneur.e, un.e dirigeant.e d&rsquo;entreprise ou encore un.e charg\u00e9.e de communication, notre \u00e9quipe intervient pour r\u00e9soudre votre probl\u00e8me.<\/p><\/div>\n\t\t\t\t<\/div>\n\t\t\t\t\t\t\t<div class=\"elementor-toggle-item\">\n\t\t\t\t\t<div id=\"elementor-tab-title-1202\" class=\"elementor-tab-title\" data-tab=\"2\" role=\"button\" aria-controls=\"elementor-tab-content-1202\" aria-expanded=\"false\">\n\t\t\t\t\t\t\t\t\t\t\t\t<span class=\"elementor-toggle-icon elementor-toggle-icon-left\" aria-hidden=\"true\">\n\t\t\t\t\t\t\t\t\t\t\t\t\t\t\t<span class=\"elementor-toggle-icon-closed\"><i class=\"fas fa-caret-right\"><\/i><\/span>\n\t\t\t\t\t\t\t\t<span class=\"elementor-toggle-icon-opened\"><i class=\"elementor-toggle-icon-opened fas fa-caret-up\"><\/i><\/span>\n\t\t\t\t\t\t\t\t\t\t\t\t\t<\/span>\n\t\t\t\t\t\t\t\t\t\t\t\t<a class=\"elementor-toggle-title\" tabindex=\"0\">Allez-vous au del\u00e0 du conseil ?<\/a>\n\t\t\t\t\t<\/div>\n\n\t\t\t\t\t<div id=\"elementor-tab-content-1202\" class=\"elementor-tab-content elementor-clearfix\" data-tab=\"2\" role=\"region\" aria-labelledby=\"elementor-tab-title-1202\"><p>Notre \u00e9quipe intervient uniquement pour vous conseiller et vous aider \u00e0 vous d\u00e9bloquer de certaines situations. Nous ne faisons pas \u00e0 votre place.\u00a0<\/p><\/div>\n\t\t\t\t<\/div>\n\t\t\t\t\t\t\t<div class=\"elementor-toggle-item\">\n\t\t\t\t\t<div id=\"elementor-tab-title-1203\" class=\"elementor-tab-title\" data-tab=\"3\" role=\"button\" aria-controls=\"elementor-tab-content-1203\" aria-expanded=\"false\">\n\t\t\t\t\t\t\t\t\t\t\t\t<span class=\"elementor-toggle-icon elementor-toggle-icon-left\" aria-hidden=\"true\">\n\t\t\t\t\t\t\t\t\t\t\t\t\t\t\t<span class=\"elementor-toggle-icon-closed\"><i class=\"fas fa-caret-right\"><\/i><\/span>\n\t\t\t\t\t\t\t\t<span class=\"elementor-toggle-icon-opened\"><i class=\"elementor-toggle-icon-opened fas fa-caret-up\"><\/i><\/span>\n\t\t\t\t\t\t\t\t\t\t\t\t\t<\/span>\n\t\t\t\t\t\t\t\t\t\t\t\t<a class=\"elementor-toggle-title\" tabindex=\"0\">Je cr\u00e9\u00e9 mon entreprise, comment pouvez-vous m'aider ?<\/a>\n\t\t\t\t\t<\/div>\n\n\t\t\t\t\t<div id=\"elementor-tab-content-1203\" class=\"elementor-tab-content elementor-clearfix\" data-tab=\"3\" role=\"region\" aria-labelledby=\"elementor-tab-title-1203\"><p>Notre \u00e9quipe peut intervenir sur tous types de conseils : trouver votre nom d&rsquo;entreprise, \u00e9tablir une charte graphique, penser votre strat\u00e9gie, \u00e9tablir votre ligne \u00e9ditoriale&#8230; Retrouvez nos services ici.<\/p><\/div>\n\t\t\t\t<\/div>\n\t\t\t\t\t\t\t<div class=\"elementor-toggle-item\">\n\t\t\t\t\t<div id=\"elementor-tab-title-1204\" class=\"elementor-tab-title\" data-tab=\"4\" role=\"button\" aria-controls=\"elementor-tab-content-1204\" aria-expanded=\"false\">\n\t\t\t\t\t\t\t\t\t\t\t\t<span class=\"elementor-toggle-icon elementor-toggle-icon-left\" aria-hidden=\"true\">\n\t\t\t\t\t\t\t\t\t\t\t\t\t\t\t<span class=\"elementor-toggle-icon-closed\"><i class=\"fas fa-caret-right\"><\/i><\/span>\n\t\t\t\t\t\t\t\t<span class=\"elementor-toggle-icon-opened\"><i class=\"elementor-toggle-icon-opened fas fa-caret-up\"><\/i><\/span>\n\t\t\t\t\t\t\t\t\t\t\t\t\t<\/span>\n\t\t\t\t\t\t\t\t\t\t\t\t<a class=\"elementor-toggle-title\" tabindex=\"0\">Je suis vraiment perdu, il faut qu'une agence le fasse pour moi<\/a>\n\t\t\t\t\t<\/div>\n\n\t\t\t\t\t<div id=\"elementor-tab-content-1204\" class=\"elementor-tab-content elementor-clearfix\" data-tab=\"4\" role=\"region\" aria-labelledby=\"elementor-tab-title-1204\"><p>Dans ce cas, pas de soucis, <a href=\"https:\/\/www.elieconseiletcom.fr\/\">Elie Conseil et Communication<\/a> est l\u00e0 pour ca : reportage photo, vid\u00e9os, cr\u00e9ation de site web, de logos, plaquette&#8230; L&rsquo;agence fait TOUT pour VOUS !<\/p><\/div>\n\t\t\t\t<\/div>\n\t\t\t\t\t\t\t<div class=\"elementor-toggle-item\">\n\t\t\t\t\t<div id=\"elementor-tab-title-1205\" class=\"elementor-tab-title\" data-tab=\"5\" role=\"button\" aria-controls=\"elementor-tab-content-1205\" aria-expanded=\"false\">\n\t\t\t\t\t\t\t\t\t\t\t\t<span class=\"elementor-toggle-icon elementor-toggle-icon-left\" aria-hidden=\"true\">\n\t\t\t\t\t\t\t\t\t\t\t\t\t\t\t<span class=\"elementor-toggle-icon-closed\"><i class=\"fas fa-caret-right\"><\/i><\/span>\n\t\t\t\t\t\t\t\t<span class=\"elementor-toggle-icon-opened\"><i class=\"elementor-toggle-icon-opened fas fa-caret-up\"><\/i><\/span>\n\t\t\t\t\t\t\t\t\t\t\t\t\t<\/span>\n\t\t\t\t\t\t\t\t\t\t\t\t<a class=\"elementor-toggle-title\" tabindex=\"0\">Comment fonctionne le pack \"apprentissage\" ?<\/a>\n\t\t\t\t\t<\/div>\n\n\t\t\t\t\t<div id=\"elementor-tab-content-1205\" class=\"elementor-tab-content elementor-clearfix\" data-tab=\"5\" role=\"region\" aria-labelledby=\"elementor-tab-title-1205\"><p>Le pack apprentissage permet \u00e0 toutes entreprises n&rsquo;ayant pas la comp\u00e9tence en interne, de recruter un \u00e9tudiant en communication. Ainsi, tout le monde est gagnant : l&rsquo;apprenti est dans une structure pour son ann\u00e9e d&rsquo;\u00e9tudes, et il est accompagn\u00e9 par une agence de communication. Il a ainsi ce fameux \u00ab\u00a0Appel \u00e0 un ami\u00a0\u00bb qu&rsquo;il peut utiliser lorsqu&rsquo;il est perdu pendant son ann\u00e9e d&rsquo;apprentissage. Pour l&rsquo;entreprise, c&rsquo;est un moyen d&rsquo;avoir quelqu&rsquo;un qui d\u00e9veloppe la communication de fa\u00e7on professionnelle puisque l&rsquo;apprenti est accompagn\u00e9 par une agence de com !\u00a0<\/p><\/div>\n\t\t\t\t<\/div>\n\t\t\t\t\t\t\t<div class=\"elementor-toggle-item\">\n\t\t\t\t\t<div id=\"elementor-tab-title-1206\" class=\"elementor-tab-title\" data-tab=\"6\" role=\"button\" aria-controls=\"elementor-tab-content-1206\" aria-expanded=\"false\">\n\t\t\t\t\t\t\t\t\t\t\t\t<span class=\"elementor-toggle-icon elementor-toggle-icon-left\" aria-hidden=\"true\">\n\t\t\t\t\t\t\t\t\t\t\t\t\t\t\t<span class=\"elementor-toggle-icon-closed\"><i class=\"fas fa-caret-right\"><\/i><\/span>\n\t\t\t\t\t\t\t\t<span class=\"elementor-toggle-icon-opened\"><i class=\"elementor-toggle-icon-opened fas fa-caret-up\"><\/i><\/span>\n\t\t\t\t\t\t\t\t\t\t\t\t\t<\/span>\n\t\t\t\t\t\t\t\t\t\t\t\t<a class=\"elementor-toggle-title\" tabindex=\"0\">Comment fonctionne le pack \"stagiaire\" ?<\/a>\n\t\t\t\t\t<\/div>\n\n\t\t\t\t\t<div id=\"elementor-tab-content-1206\" class=\"elementor-tab-content elementor-clearfix\" data-tab=\"6\" role=\"region\" aria-labelledby=\"elementor-tab-title-1206\"><p>Le pack stagiaire est un peu diff\u00e9rent du pack apprentissage.\u00a0<\/p><p>Il peut se faire de deux fa\u00e7on :<\/p><ul><li>\u00c0 distance, sous forme de visioconf\u00e9rence. Dans ce cas, le stagiaire est alors au sein de l&rsquo;entreprise qui le mandate. Un shot de com devient alors son \u00ab\u00a0SAV\u00a0\u00bb. Celui-ci peut alors utiliser ses shots quand il en ressent le besoin.<\/li><li>Selon la zone g\u00e9ographique de l&rsquo;entreprise, ou alors du stagiaire, celui-ci peut \u00eatre accueilli dans nos locaux (Lot et Garonne, 47) et il peut b\u00e9n\u00e9ficier de nos outils le temps de son stage (suite adobe, appareil photo\/vid\u00e9o&#8230;). Il se rend alors, quand cela est n\u00e9cessaire, au sein de l&rsquo;entreprise qui l&rsquo;a mandat\u00e9. Quoi qu&rsquo;il en soit, pendant toute la dur\u00e9e de son stage, ses missions sont consacr\u00e9es uniquement aux besoins de l&rsquo;entreprise qui l&rsquo;a mandat\u00e9.<\/li><\/ul><\/div>\n\t\t\t\t<\/div>\n\t\t\t\t\t\t\t<div class=\"elementor-toggle-item\">\n\t\t\t\t\t<div id=\"elementor-tab-title-1207\" class=\"elementor-tab-title\" data-tab=\"7\" role=\"button\" aria-controls=\"elementor-tab-content-1207\" aria-expanded=\"false\">\n\t\t\t\t\t\t\t\t\t\t\t\t<span class=\"elementor-toggle-icon elementor-toggle-icon-left\" aria-hidden=\"true\">\n\t\t\t\t\t\t\t\t\t\t\t\t\t\t\t<span class=\"elementor-toggle-icon-closed\"><i class=\"fas fa-caret-right\"><\/i><\/span>\n\t\t\t\t\t\t\t\t<span class=\"elementor-toggle-icon-opened\"><i class=\"elementor-toggle-icon-opened fas fa-caret-up\"><\/i><\/span>\n\t\t\t\t\t\t\t\t\t\t\t\t\t<\/span>\n\t\t\t\t\t\t\t\t\t\t\t\t<a class=\"elementor-toggle-title\" tabindex=\"0\">Combien de temps dure une visio ?<\/a>\n\t\t\t\t\t<\/div>\n\n\t\t\t\t\t<div id=\"elementor-tab-content-1207\" class=\"elementor-tab-content elementor-clearfix\" data-tab=\"7\" role=\"region\" aria-labelledby=\"elementor-tab-title-1207\"><p>Selon le service s\u00e9lectionn\u00e9 ! Bien souvent, un shot dure entre 1 et 2 heures !<\/p><\/div>\n\t\t\t\t<\/div>\n\t\t\t\t\t\t\t<div class=\"elementor-toggle-item\">\n\t\t\t\t\t<div id=\"elementor-tab-title-1208\" class=\"elementor-tab-title\" data-tab=\"8\" role=\"button\" aria-controls=\"elementor-tab-content-1208\" aria-expanded=\"false\">\n\t\t\t\t\t\t\t\t\t\t\t\t<span class=\"elementor-toggle-icon elementor-toggle-icon-left\" aria-hidden=\"true\">\n\t\t\t\t\t\t\t\t\t\t\t\t\t\t\t<span class=\"elementor-toggle-icon-closed\"><i class=\"fas fa-caret-right\"><\/i><\/span>\n\t\t\t\t\t\t\t\t<span class=\"elementor-toggle-icon-opened\"><i class=\"elementor-toggle-icon-opened fas fa-caret-up\"><\/i><\/span>\n\t\t\t\t\t\t\t\t\t\t\t\t\t<\/span>\n\t\t\t\t\t\t\t\t\t\t\t\t<a class=\"elementor-toggle-title\" tabindex=\"0\">Quels outils pour la visio ?<\/a>\n\t\t\t\t\t<\/div>\n\n\t\t\t\t\t<div id=\"elementor-tab-content-1208\" class=\"elementor-tab-content elementor-clearfix\" data-tab=\"8\" role=\"region\" aria-labelledby=\"elementor-tab-title-1208\"><p>Nous utilisons Zoom pour toutes nos conf\u00e9rences ! Pensez \u00e0 bien activer votre micro avant la visio \ud83d\ude09<\/p><\/div>\n\t\t\t\t<\/div>\n\t\t\t\t\t\t\t<div class=\"elementor-toggle-item\">\n\t\t\t\t\t<div id=\"elementor-tab-title-1209\" class=\"elementor-tab-title\" data-tab=\"9\" role=\"button\" aria-controls=\"elementor-tab-content-1209\" aria-expanded=\"false\">\n\t\t\t\t\t\t\t\t\t\t\t\t<span class=\"elementor-toggle-icon elementor-toggle-icon-left\" aria-hidden=\"true\">\n\t\t\t\t\t\t\t\t\t\t\t\t\t\t\t<span class=\"elementor-toggle-icon-closed\"><i class=\"fas fa-caret-right\"><\/i><\/span>\n\t\t\t\t\t\t\t\t<span class=\"elementor-toggle-icon-opened\"><i class=\"elementor-toggle-icon-opened fas fa-caret-up\"><\/i><\/span>\n\t\t\t\t\t\t\t\t\t\t\t\t\t<\/span>\n\t\t\t\t\t\t\t\t\t\t\t\t<a class=\"elementor-toggle-title\" tabindex=\"0\">Sous combien de temps puis-je avoir un rendez-vous ?<\/a>\n\t\t\t\t\t<\/div>\n\n\t\t\t\t\t<div id=\"elementor-tab-content-1209\" class=\"elementor-tab-content elementor-clearfix\" data-tab=\"9\" role=\"region\" aria-labelledby=\"elementor-tab-title-1209\"><p>Selon nos agendas, nous sommes en mesure de vous proposer un rendez-vous sous 48h ouvr\u00e9s !<\/p><\/div>\n\t\t\t\t<\/div>\n\t\t\t\t\t\t\t<div class=\"elementor-toggle-item\">\n\t\t\t\t\t<div id=\"elementor-tab-title-12010\" class=\"elementor-tab-title\" data-tab=\"10\" role=\"button\" aria-controls=\"elementor-tab-content-12010\" aria-expanded=\"false\">\n\t\t\t\t\t\t\t\t\t\t\t\t<span class=\"elementor-toggle-icon elementor-toggle-icon-left\" aria-hidden=\"true\">\n\t\t\t\t\t\t\t\t\t\t\t\t\t\t\t<span class=\"elementor-toggle-icon-closed\"><i class=\"fas fa-caret-right\"><\/i><\/span>\n\t\t\t\t\t\t\t\t<span class=\"elementor-toggle-icon-opened\"><i class=\"elementor-toggle-icon-opened fas fa-caret-up\"><\/i><\/span>\n\t\t\t\t\t\t\t\t\t\t\t\t\t<\/span>\n\t\t\t\t\t\t\t\t\t\t\t\t<a class=\"elementor-toggle-title\" tabindex=\"0\">Qui va me conseiller ?<\/a>\n\t\t\t\t\t<\/div>\n\n\t\t\t\t\t<div id=\"elementor-tab-content-12010\" class=\"elementor-tab-content elementor-clearfix\" data-tab=\"10\" role=\"region\" aria-labelledby=\"elementor-tab-title-12010\"><p>L&rsquo;\u00e9quipe d&rsquo;un Shot de Com regroupe diff\u00e9rents profils tous habitu\u00e9s aux conseils en communication. C&rsquo;est pourquoi vous \u00eates s\u00fbrs de trouver r\u00e9ponse \u00e0 votre question apr\u00e8s un shot !\u00a0<\/p><\/div>\n\t\t\t\t<\/div>\n\t\t\t\t\t\t\t\t<\/div>\n\t\t\t\t\t\t<\/div>\n\t\t\t\t<\/div>\n\t\t\t\t\t<\/div>\n\t\t<\/div>\n\t\t\t\t\t<\/div>\n\t\t<\/section>\n\t\t\t\t\t<\/div>\n\t\t<\/div>\n\t\t\t\t\t<\/div>\n\t\t<\/section>\n\t\t\t\t<\/div>\n\t\t","protected":false},"excerpt":{"rendered":"<p>FOIRE AUX questions Retrouvez ici toutes les r\u00e9ponses \u00e0 vos questions ! \u00c0 qui est destin\u00e9 un shot de com ? Un shot de com est destin\u00e9 \u00e0 toute personne ayant une probl\u00e9matique li\u00e9e \u00e0 la communication d&#8217;une entreprise. Que vous soyez un.e entrepreneur.e, un.e dirigeant.e d&#8217;entreprise ou encore un.e charg\u00e9.e de communication, notre \u00e9quipe&hellip;<\/p>\n","protected":false},"author":2,"featured_media":0,"parent":0,"menu_order":0,"comment_status":"closed","ping_status":"closed","template":"","meta":{"om_disable_all_campaigns":false,"_monsterinsights_skip_tracking":false,"_monsterinsights_sitenote_active":false,"_monsterinsights_sitenote_note":"","_monsterinsights_sitenote_category":0,"footnotes":""},"class_list":["post-77981","page","type-page","status-publish","hentry"],"yoast_head":"<!-- This site is optimized with the Yoast SEO plugin v24.6 - https:\/\/yoast.com\/wordpress\/plugins\/seo\/ -->\n<title>FAQ - Un Shot de Com<\/title>\n<meta name=\"robots\" content=\"index, follow, max-snippet:-1, max-image-preview:large, max-video-preview:-1\" \/>\n<link rel=\"canonical\" href=\"https:\/\/unshotdecom.fr\/index.php\/faq\/\" \/>\n<meta property=\"og:locale\" content=\"fr_FR\" \/>\n<meta property=\"og:type\" content=\"article\" \/>\n<meta property=\"og:title\" content=\"FAQ - Un Shot de Com\" \/>\n<meta property=\"og:description\" content=\"FOIRE AUX questions Retrouvez ici toutes les r\u00e9ponses \u00e0 vos questions ! \u00c0 qui est destin\u00e9 un shot de com ? Un shot de com est destin\u00e9 \u00e0 toute personne ayant une probl\u00e9matique li\u00e9e \u00e0 la communication d&#8217;une entreprise. Que vous soyez un.e entrepreneur.e, un.e dirigeant.e d&#8217;entreprise ou encore un.e charg\u00e9.e de communication, notre \u00e9quipe&hellip;\" \/>\n<meta property=\"og:url\" content=\"https:\/\/unshotdecom.fr\/index.php\/faq\/\" \/>\n<meta property=\"og:site_name\" content=\"Un Shot de Com\" \/>\n<meta property=\"article:modified_time\" content=\"2022-10-10T08:12:13+00:00\" \/>\n<meta name=\"twitter:card\" content=\"summary_large_image\" \/>\n<meta name=\"twitter:label1\" content=\"Dur\u00e9e de lecture estim\u00e9e\" \/>\n\t<meta name=\"twitter:data1\" content=\"3 minutes\" \/>\n<script type=\"application\/ld+json\" class=\"yoast-schema-graph\">{\"@context\":\"https:\/\/schema.org\",\"@graph\":[{\"@type\":\"WebPage\",\"@id\":\"https:\/\/unshotdecom.fr\/index.php\/faq\/\",\"url\":\"https:\/\/unshotdecom.fr\/index.php\/faq\/\",\"name\":\"FAQ - Un Shot de Com\",\"isPartOf\":{\"@id\":\"https:\/\/unshotdecom.fr\/#website\"},\"datePublished\":\"2022-10-07T12:21:16+00:00\",\"dateModified\":\"2022-10-10T08:12:13+00:00\",\"breadcrumb\":{\"@id\":\"https:\/\/unshotdecom.fr\/index.php\/faq\/#breadcrumb\"},\"inLanguage\":\"fr-FR\",\"potentialAction\":[{\"@type\":\"ReadAction\",\"target\":[\"https:\/\/unshotdecom.fr\/index.php\/faq\/\"]}]},{\"@type\":\"BreadcrumbList\",\"@id\":\"https:\/\/unshotdecom.fr\/index.php\/faq\/#breadcrumb\",\"itemListElement\":[{\"@type\":\"ListItem\",\"position\":1,\"name\":\"Accueil\",\"item\":\"https:\/\/unshotdecom.fr\/\"},{\"@type\":\"ListItem\",\"position\":2,\"name\":\"FAQ\"}]},{\"@type\":\"WebSite\",\"@id\":\"https:\/\/unshotdecom.fr\/#website\",\"url\":\"https:\/\/unshotdecom.fr\/\",\"name\":\"Un Shot de Com\",\"description\":\"Un shot et \u00e7a repart !\",\"publisher\":{\"@id\":\"https:\/\/unshotdecom.fr\/#organization\"},\"potentialAction\":[{\"@type\":\"SearchAction\",\"target\":{\"@type\":\"EntryPoint\",\"urlTemplate\":\"https:\/\/unshotdecom.fr\/?s={search_term_string}\"},\"query-input\":{\"@type\":\"PropertyValueSpecification\",\"valueRequired\":true,\"valueName\":\"search_term_string\"}}],\"inLanguage\":\"fr-FR\"},{\"@type\":\"Organization\",\"@id\":\"https:\/\/unshotdecom.fr\/#organization\",\"name\":\"Un Shot de Com\",\"url\":\"https:\/\/unshotdecom.fr\/\",\"logo\":{\"@type\":\"ImageObject\",\"inLanguage\":\"fr-FR\",\"@id\":\"https:\/\/unshotdecom.fr\/#\/schema\/logo\/image\/\",\"url\":\"https:\/\/unshotdecom.fr\/wp-content\/uploads\/2021\/12\/the7-logo-004.svg\",\"contentUrl\":\"https:\/\/unshotdecom.fr\/wp-content\/uploads\/2021\/12\/the7-logo-004.svg\",\"width\":300,\"height\":50,\"caption\":\"Un Shot de Com\"},\"image\":{\"@id\":\"https:\/\/unshotdecom.fr\/#\/schema\/logo\/image\/\"}}]}<\/script>\n<!-- \/ Yoast SEO plugin. -->","yoast_head_json":{"title":"FAQ - Un Shot de Com","robots":{"index":"index","follow":"follow","max-snippet":"max-snippet:-1","max-image-preview":"max-image-preview:large","max-video-preview":"max-video-preview:-1"},"canonical":"https:\/\/unshotdecom.fr\/index.php\/faq\/","og_locale":"fr_FR","og_type":"article","og_title":"FAQ - Un Shot de Com","og_description":"FOIRE AUX questions Retrouvez ici toutes les r\u00e9ponses \u00e0 vos questions ! \u00c0 qui est destin\u00e9 un shot de com ? Un shot de com est destin\u00e9 \u00e0 toute personne ayant une probl\u00e9matique li\u00e9e \u00e0 la communication d&#8217;une entreprise. Que vous soyez un.e entrepreneur.e, un.e dirigeant.e d&#8217;entreprise ou encore un.e charg\u00e9.e de communication, notre \u00e9quipe&hellip;","og_url":"https:\/\/unshotdecom.fr\/index.php\/faq\/","og_site_name":"Un Shot de Com","article_modified_time":"2022-10-10T08:12:13+00:00","twitter_card":"summary_large_image","twitter_misc":{"Dur\u00e9e de lecture estim\u00e9e":"3 minutes"},"schema":{"@context":"https:\/\/schema.org","@graph":[{"@type":"WebPage","@id":"https:\/\/unshotdecom.fr\/index.php\/faq\/","url":"https:\/\/unshotdecom.fr\/index.php\/faq\/","name":"FAQ - Un Shot de Com","isPartOf":{"@id":"https:\/\/unshotdecom.fr\/#website"},"datePublished":"2022-10-07T12:21:16+00:00","dateModified":"2022-10-10T08:12:13+00:00","breadcrumb":{"@id":"https:\/\/unshotdecom.fr\/index.php\/faq\/#breadcrumb"},"inLanguage":"fr-FR","potentialAction":[{"@type":"ReadAction","target":["https:\/\/unshotdecom.fr\/index.php\/faq\/"]}]},{"@type":"BreadcrumbList","@id":"https:\/\/unshotdecom.fr\/index.php\/faq\/#breadcrumb","itemListElement":[{"@type":"ListItem","position":1,"name":"Accueil","item":"https:\/\/unshotdecom.fr\/"},{"@type":"ListItem","position":2,"name":"FAQ"}]},{"@type":"WebSite","@id":"https:\/\/unshotdecom.fr\/#website","url":"https:\/\/unshotdecom.fr\/","name":"Un Shot de Com","description":"Un shot et \u00e7a repart !","publisher":{"@id":"https:\/\/unshotdecom.fr\/#organization"},"potentialAction":[{"@type":"SearchAction","target":{"@type":"EntryPoint","urlTemplate":"https:\/\/unshotdecom.fr\/?s={search_term_string}"},"query-input":{"@type":"PropertyValueSpecification","valueRequired":true,"valueName":"search_term_string"}}],"inLanguage":"fr-FR"},{"@type":"Organization","@id":"https:\/\/unshotdecom.fr\/#organization","name":"Un Shot de Com","url":"https:\/\/unshotdecom.fr\/","logo":{"@type":"ImageObject","inLanguage":"fr-FR","@id":"https:\/\/unshotdecom.fr\/#\/schema\/logo\/image\/","url":"https:\/\/unshotdecom.fr\/wp-content\/uploads\/2021\/12\/the7-logo-004.svg","contentUrl":"https:\/\/unshotdecom.fr\/wp-content\/uploads\/2021\/12\/the7-logo-004.svg","width":300,"height":50,"caption":"Un Shot de Com"},"image":{"@id":"https:\/\/unshotdecom.fr\/#\/schema\/logo\/image\/"}}]}},"_links":{"self":[{"href":"https:\/\/unshotdecom.fr\/index.php\/wp-json\/wp\/v2\/pages\/77981","targetHints":{"allow":["GET"]}}],"collection":[{"href":"https:\/\/unshotdecom.fr\/index.php\/wp-json\/wp\/v2\/pages"}],"about":[{"href":"https:\/\/unshotdecom.fr\/index.php\/wp-json\/wp\/v2\/types\/page"}],"author":[{"embeddable":true,"href":"https:\/\/unshotdecom.fr\/index.php\/wp-json\/wp\/v2\/users\/2"}],"replies":[{"embeddable":true,"href":"https:\/\/unshotdecom.fr\/index.php\/wp-json\/wp\/v2\/comments?post=77981"}],"version-history":[{"count":28,"href":"https:\/\/unshotdecom.fr\/index.php\/wp-json\/wp\/v2\/pages\/77981\/revisions"}],"predecessor-version":[{"id":78116,"href":"https:\/\/unshotdecom.fr\/index.php\/wp-json\/wp\/v2\/pages\/77981\/revisions\/78116"}],"wp:attachment":[{"href":"https:\/\/unshotdecom.fr\/index.php\/wp-json\/wp\/v2\/media?parent=77981"}],"curies":[{"name":"wp","href":"https:\/\/api.w.org\/{rel}","templated":true}]}}